{"id":5037,"date":"2023-09-14T10:28:12","date_gmt":"2023-09-14T10:28:12","guid":{"rendered":"https:\/\/hireonlinehackers.com\/?page_id=5037"},"modified":"2024-07-02T22:44:09","modified_gmt":"2024-07-02T22:44:09","slug":"hacker-snapchat-de-angajat","status":"publish","type":"page","link":"https:\/\/allhackerforhire.com\/ro\/hacker-snapchat-de-angajat\/","title":{"rendered":"Snapchat Hacker"},"content":{"rendered":"<div data-elementor-type=\"wp-page\" data-elementor-id=\"5037\" class=\"elementor elementor-5037\">\n\t\t\t\t\t\t<section class=\"elementor-section elementor-top-section elementor-element elementor-element-21ed0537 elementor-section-boxed elementor-section-height-default elementor-section-height-default default-style\" data-id=\"21ed0537\" data-element_type=\"section\" data-settings=\"{&quot;rt_color_sets&quot;:&quot;default-style&quot;}\">\n\t\t\t\t\t\t<div class=\"elementor-container elementor-column-gap-default\">\n\t\t\t\t\t<div class=\"elementor-column elementor-col-100 elementor-top-column elementor-element elementor-element-320524c5\" data-id=\"320524c5\" data-element_type=\"column\">\n\t\t\t<div class=\"elementor-widget-wrap elementor-element-populated\">\n\t\t\t\t\t\t<div class=\"elementor-element elementor-element-15f4f884 elementor-widget elementor-widget-text-editor\" data-id=\"15f4f884\" data-element_type=\"widget\" data-widget_type=\"text-editor.default\">\n\t\t\t\t<div class=\"elementor-widget-container\">\n\t\t\t\t\t\t\t\t\t<p><\/p>\n<h2 class=\"wp-block-heading\"><span contenteditable=\"true\">Snapchat Hacker de \u00eenchiriat<\/span><\/h2>\n<div>\n<p>Oferim un serviciu profesional de hacking Snapchat care v\u0103 permite s\u0103 angaja\u021bi un hacker pentru Snapchat. Echipa noastr\u0103 cu experien\u021b\u0103 v\u0103 poate ajuta \u00een recuperarea unui cont Snapchat pierdut sau hacked. Pl\u0103ti\u021bi pe cineva pentru a hack Snapchat \u0219i rec\u00e2\u0219tiga accesul la contul dvs. cu serviciul nostru de \u00eencredere \u0219i sigur. Suntem profesioni\u0219ti <a href=\"https:\/\/allhackerforhire.com\/ro\/\">Hackeri Snapchat<\/a> pentru \u00eenchiriere, oferind asisten\u021b\u0103 de specialitate pentru toate nevoile dvs. de hacking Snapchat. Snapchat Account Hacker de \u00eenchiriat.<br><\/p>\n<h3><span contenteditable=\"true\">Hackeri Snapchat profesioni\u0219ti de \u00eenchiriat<\/span><\/h3>\n<p>Noi \u00een\u021belegem urgen\u021ba \u0219i sensibilitatea securit\u0103\u021bii contului Snapchat. Cu abilit\u0103\u021bile \u0219i cuno\u0219tin\u021bele noastre specializate, asigur\u0103m o rezolvare rapid\u0103 \u0219i eficient\u0103 pentru orice probleme legate de Snapchat cu care v\u0103 pute\u021bi confrunta. Ave\u021bi \u00eencredere \u00een echipa noastr\u0103 de hackeri profesioni\u0219ti pentru a v\u0103 recupera contul Snapchat hacked sau pierdut \u00een mod eficient \u0219i discret. Serviciul nostru sigur \u0219i de \u00eencredere v\u0103 garanteaz\u0103 confiden\u021bialitatea \u0219i intimitatea pe parcursul \u00eentregului proces. Rec\u00e2\u0219tiga\u021bi controlul asupra contului dvs. Snapchat ast\u0103zi prin angajarea exper\u021bilor no\u0219tri experimenta\u021bi \u00een hacking Snapchat.<\/p>\n<\/div>\n<p><\/p>\n<div data-id=\"45a8c67\" data-element_type=\"widget\" data-widget_type=\"text-editor.default\">\n<div>\n<div data-id=\"68dc6d6\" data-element_type=\"widget\" data-widget_type=\"text-editor.default\">\n<div>\n<div>\n<div>\n<div>\n<div data-id=\"68dc6d6\" data-element_type=\"widget\" data-widget_type=\"text-editor.default\">\n<div>\n<p>Serviciul de hacking Snapchat este cel mai util atunci c\u00e2nd \u00eencerca\u021bi s\u0103 afla\u021bi despre un so\u021b\/partener infidel pentru a v\u0103 asigura c\u0103 nu sunte\u021bi \u00een\u0219elat. Snapchat hacker pentru serviciul de \u00eenchiriere este complet discret \u0219i nimeni nu va afla vreodat\u0103 despre tine av\u00e2nd acces la contul Snapchat. Oferim acest serviciu ca un serviciu Snapchat hack de sine st\u0103t\u0103tor \u0219i, de asemenea, ca un pachet \u00een cadrul serviciului de hacking telefonic<a href=\"https:\/\/duckduckgo.com\/\" target=\"_blank\" rel=\"noopener\">.<\/a><\/p>\n<h2>Serviciul de hacking Snapchat<\/h2>\n<p>Exist\u0103 multe modalit\u0103\u021bi prin care un hacker poate sparge un cont Snapchat, astfel \u00eenc\u00e2t este important s\u0103 utiliza\u021bi toate op\u021biunile de securitate, inclusiv autentificarea \u00een doi pa\u0219i. \u00cen cazul \u00een care, dup\u0103 toate m\u0103surile de precau\u021bie de securitate contul dvs. Snapchat devine \u00eenc\u0103 hacked de c\u0103tre un hacker suntem aici pentru a ajuta \u00een toate modurile posibile. Hacker de cont Snapchat de \u00eenchiriat.<\/p>\n<h4>Angaja\u021bi hackeri profesioni\u0219ti de social media<\/h4>\n<p>Exist\u0103 multe motive pentru care o \u00eentreprindere ar putea alege s\u0103 angajeze un hacker pentru social media. Poate c\u0103 societatea dore\u0219te s\u0103 \u00ee\u0219i creasc\u0103 num\u0103rul de persoane care o urm\u0103resc pe platformele de social media sau poate c\u0103 are nevoie de ajutor pentru a ob\u021bine mai mult\u0103 implicare \u00een post\u0103rile sale. \u00cen orice caz, angajarea unui hacker pentru social media poate fi o modalitate excelent\u0103 de a v\u0103 spori prezen\u021ba online.<\/p>\n<p>Atunci c\u00e2nd angaja\u021bi un hacker pentru social media, este important s\u0103 v\u0103 asigura\u021bi c\u0103 selecta\u021bi o persoan\u0103 cu experien\u021b\u0103 \u0219i cuno\u0219tin\u021be \u00een acest domeniu.<\/p>\n<div id=\"attachment_5041\" style=\"width: 310px\" class=\"wp-caption alignnone\"><img fetchpriority=\"high\" decoding=\"async\" aria-describedby=\"caption-attachment-5041\" src=\"https:\/\/hireonlinehackers.com\/wp-content\/uploads\/2023\/09\/Professional-Snapchat-Hackers-for-Hire-300x169.jpg\" alt=\"Hackeri Snapchat profesioni\u0219ti de \u00eenchiriat\" width=\"300\" height=\"169\"><p id=\"caption-attachment-5041\" class=\"wp-caption-text\">Hackeri Snapchat profesioni\u0219ti de \u00eenchiriat<\/p><\/div>\n<h4>Hacker cont social media pentru angajare<\/h4>\n<p>Unele companii angajeaz\u0103 hackeri care s\u0103 atace conturile de social media ale concuren\u021bilor lor pentru a ob\u021bine un avantaj. Ace\u0219tia pot face acest lucru prin utilizarea unui jargon academic complex pe care concuren\u021bii lor nu \u00eel pot \u00een\u021belege, ceea ce le \u00eengreuneaz\u0103 r\u0103spunsul. \u00cen plus, hackerul poate posta \u0219tiri false sau comentarii care ar putea afecta reputa\u021bia concurentului.<\/p>\n<p>Sunte\u021bi interesat \u00een angajarea unui hacker pentru orice fel de serviciu de hacking profesional sigur? Atunci sunte\u021bi \u00een locul potrivit. Noi v\u0103 oferim cele mai bune servicii de hacking la pre\u021buri accesibile, \u00een func\u021bie de cerin\u021bele clientului.<\/p>\n<h4>De ce s\u0103 lua\u021bi serviciul de Hacker cont social media de la noi<\/h4>\n<p>Compania noastr\u0103 are o echip\u0103 de profesioni\u0219ti profesioni\u0219ti \u0219i cu experien\u021b\u0103 care v\u0103 pot ajuta s\u0103 hack orice cont media bazat pe web. Avem o istorie demonstrat\u0103 de realiz\u0103ri. \u0218i ne m\u00e2ndrim c\u0103 avem capacitatea de a v\u0103 ajuta s\u0103 ob\u021bine\u021bi rezultatele dorite. Noi \u00een\u021belegem c\u0103 confiden\u021bialitatea dvs. este o prioritate absolut\u0103 \u0219i nu va \u00eemp\u0103rt\u0103\u0219i datele dvs. la orice alt\u0103 persoan\u0103. Snapchat Account Hacker pentru Hire.<br><\/p>\n<h4><span contenteditable=\"true\">Angaja\u021bi un hacker pentru Snapchat<\/span><\/h4>\n<div>\n<h5>Expertiza noastr\u0103 pentru Social Media Hacker profesionist<\/h5>\n<p>Suntem un grup certificat de hackeri talenta\u021bi care se angajeaz\u0103 s\u0103 v\u0103 u\u0219ureze mintea \u0219i s\u0103 v\u0103 sporeasc\u0103 securitatea computerului. De-a lungul acestor linii, \u00een cazul \u00een care \u00eencerca\u021bi s\u0103 utiliza\u021bi arti\u0219ti cibernetici morali, v\u0103 putem ajuta cu preocuparea dumneavoastr\u0103. Atunci c\u00e2nd c\u0103uta\u021bi, verifica\u021bi Ce am nevoie pentru a angaja un hacker etic.<\/p>\n<p>Suntem diferi\u021bi \u00een abordarea noastr\u0103 \u00een ceea ce prive\u0219te administrarea \u00een compara\u021bie cu alte companii.<\/p>\n<h3>Snapchat Account Hacker pentru angajare<\/h3>\n<p>Compania noastr\u0103 are o echip\u0103 de exper\u021bi profesioni\u0219ti \u0219i experimenta\u021bi care v\u0103 pot ajuta s\u0103 hack orice cont social media. Avem un istoric dovedit de realiz\u0103ri. \u0218i ne apreciem capacitatea de a v\u0103 ajuta s\u0103 ob\u021bine\u021bi rezultatele de care ave\u021bi nevoie. \u00cen\u021belegem c\u0103 confiden\u021bialitatea dvs. este principala preocupare \u0219i nu va \u00eemp\u0103rt\u0103\u0219i niciodat\u0103 informa\u021biile dvs. personale cu oricine altcineva. Snapchat Account Hacker pentru angajare.<br><\/p>\n<\/div>\n<div>&nbsp;<\/div>\n<\/div>\n<\/div>\n<\/div>\n<\/div>\n<\/div>\n<\/div>\n<\/div>\n<p><img decoding=\"async\" data-src=\"https:\/\/hireonlinehackers.com\/wp-content\/uploads\/2023\/01\/5-star-300x158.jpg\" alt=\"Hacker profesionist pentru servicii de \u00eenchiriere\" width=\"36\" height=\"19\" src=\"data:image\/svg+xml;base64,PHN2ZyB3aWR0aD0iMSIgaGVpZ2h0PSIxIiB4bWxucz0iaHR0cDovL3d3dy53My5vcmcvMjAwMC9zdmciPjwvc3ZnPg==\" class=\"lazyload\" style=\"--smush-placeholder-width: 36px; --smush-placeholder-aspect-ratio: 36\/19;\"><\/p>\n<\/div>\n<\/div>\n<p><\/p>\t\t\t\t\t\t\t\t<\/div>\n\t\t\t\t<\/div>\n\t\t\t\t\t<\/div>\n\t\t<\/div>\n\t\t\t\t\t<\/div>\n\t\t<\/section>\n\t\t\t\t<section class=\"elementor-section elementor-top-section elementor-element elementor-element-da4e662 elementor-section-boxed elementor-section-height-default elementor-section-height-default default-style\" data-id=\"da4e662\" data-element_type=\"section\" data-settings=\"{&quot;rt_color_sets&quot;:&quot;default-style&quot;}\">\n\t\t\t\t\t\t<div class=\"elementor-container elementor-column-gap-default\">\n\t\t\t\t\t<div class=\"elementor-column elementor-col-50 elementor-top-column elementor-element elementor-element-db924fe\" data-id=\"db924fe\" data-element_type=\"column\">\n\t\t\t<div class=\"elementor-widget-wrap elementor-element-populated\">\n\t\t\t\t\t\t<div class=\"elementor-element elementor-element-0485719 elementor-widget elementor-widget-image\" data-id=\"0485719\" data-element_type=\"widget\" data-widget_type=\"image.default\">\n\t\t\t\t<div class=\"elementor-widget-container\">\n\t\t\t\t\t\t\t\t\t\t\t\t\t\t\t<img decoding=\"async\" width=\"768\" height=\"288\" data-src=\"https:\/\/allhackerforhire.com\/wp-content\/uploads\/2022\/11\/Buy-Registered-Documents.jpg\" class=\"attachment-large size-large wp-image-4545 lazyload\" alt=\"Angaja\u021bi hackeri Dark Web\" data-srcset=\"https:\/\/allhackerforhire.com\/wp-content\/uploads\/2022\/11\/Buy-Registered-Documents.jpg 768w, https:\/\/allhackerforhire.com\/wp-content\/uploads\/2022\/11\/Buy-Registered-Documents-300x113.jpg 300w, https:\/\/allhackerforhire.com\/wp-content\/uploads\/2022\/11\/Buy-Registered-Documents-600x225.jpg 600w\" data-sizes=\"(max-width: 768px) 100vw, 768px\" src=\"data:image\/svg+xml;base64,PHN2ZyB3aWR0aD0iMSIgaGVpZ2h0PSIxIiB4bWxucz0iaHR0cDovL3d3dy53My5vcmcvMjAwMC9zdmciPjwvc3ZnPg==\" style=\"--smush-placeholder-width: 768px; --smush-placeholder-aspect-ratio: 768\/288;\" \/>\t\t\t\t\t\t\t\t\t\t\t\t\t\t\t<\/div>\n\t\t\t\t<\/div>\n\t\t\t\t\t<\/div>\n\t\t<\/div>\n\t\t\t\t<div class=\"elementor-column elementor-col-50 elementor-top-column elementor-element elementor-element-bff131d\" data-id=\"bff131d\" data-element_type=\"column\">\n\t\t\t<div class=\"elementor-widget-wrap elementor-element-populated\">\n\t\t\t\t\t\t<div class=\"elementor-element elementor-element-db6bcbe elementor-widget elementor-widget-heading\" data-id=\"db6bcbe\" data-element_type=\"widget\" data-widget_type=\"heading.default\">\n\t\t\t\t<div class=\"elementor-widget-container\">\n\t\t\t\t\t<h2 class=\"elementor-heading-title elementor-size-default\">Pl\u0103ti\u021bi pe cineva pentru a Hack Snapchat<\/h2>\t\t\t\t<\/div>\n\t\t\t\t<\/div>\n\t\t\t\t\t<\/div>\n\t\t<\/div>\n\t\t\t\t\t<\/div>\n\t\t<\/section>\n\t\t\t\t<\/div>","protected":false},"excerpt":{"rendered":"<p>Snapchat Hacker for Hire Oferim un serviciu profesional de hacking Snapchat care v\u0103 permite s\u0103 angaja\u021bi un hacker pentru Snapchat. Echipa noastr\u0103 cu experien\u021b\u0103 v\u0103 poate ajuta \u00een recuperarea unui cont Snapchat pierdut sau hacked. Pl\u0103ti\u021bi pe cineva pentru a hack Snapchat \u0219i rec\u00e2\u0219tiga accesul la contul dvs. cu serviciul nostru de \u00eencredere \u0219i sigur. Suntem profesioni\u0219ti Snapchat [...]<\/p>","protected":false},"author":1,"featured_media":5038,"parent":0,"menu_order":0,"comment_status":"closed","ping_status":"open","template":"","meta":{"_acf_changed":false,"footnotes":""},"class_list":["post-5037","page","type-page","status-publish","has-post-thumbnail","hentry"],"acf":[],"_links":{"self":[{"href":"https:\/\/allhackerforhire.com\/ro\/wp-json\/wp\/v2\/pages\/5037","targetHints":{"allow":["GET"]}}],"collection":[{"href":"https:\/\/allhackerforhire.com\/ro\/wp-json\/wp\/v2\/pages"}],"about":[{"href":"https:\/\/allhackerforhire.com\/ro\/wp-json\/wp\/v2\/types\/page"}],"author":[{"embeddable":true,"href":"https:\/\/allhackerforhire.com\/ro\/wp-json\/wp\/v2\/users\/1"}],"replies":[{"embeddable":true,"href":"https:\/\/allhackerforhire.com\/ro\/wp-json\/wp\/v2\/comments?post=5037"}],"version-history":[{"count":13,"href":"https:\/\/allhackerforhire.com\/ro\/wp-json\/wp\/v2\/pages\/5037\/revisions"}],"predecessor-version":[{"id":5168,"href":"https:\/\/allhackerforhire.com\/ro\/wp-json\/wp\/v2\/pages\/5037\/revisions\/5168"}],"wp:featuredmedia":[{"embeddable":true,"href":"https:\/\/allhackerforhire.com\/ro\/wp-json\/wp\/v2\/media\/5038"}],"wp:attachment":[{"href":"https:\/\/allhackerforhire.com\/ro\/wp-json\/wp\/v2\/media?parent=5037"}],"curies":[{"name":"wp","href":"https:\/\/api.w.org\/{rel}","templated":true}]}}