{"id":3,"date":"2022-09-30T13:36:44","date_gmt":"2022-09-30T13:36:44","guid":{"rendered":"https:\/\/buylegitpassport.com\/?page_id=3"},"modified":"2024-07-02T22:34:31","modified_gmt":"2024-07-02T22:34:31","slug":"professionella-hackare-att-hyra","status":"publish","type":"page","link":"https:\/\/allhackerforhire.com\/sv\/professionella-hackare-att-hyra\/","title":{"rendered":"Integritetspolicy"},"content":{"rendered":"<div data-elementor-type=\"wp-page\" data-elementor-id=\"3\" class=\"elementor elementor-3\">\n\t\t\t\t\t\t<section class=\"elementor-section elementor-top-section elementor-element elementor-element-21ed0537 elementor-section-boxed elementor-section-height-default elementor-section-height-default default-style\" data-id=\"21ed0537\" data-element_type=\"section\" data-settings=\"{&quot;rt_color_sets&quot;:&quot;default-style&quot;}\">\n\t\t\t\t\t\t<div class=\"elementor-container elementor-column-gap-default\">\n\t\t\t\t\t<div class=\"elementor-column elementor-col-100 elementor-top-column elementor-element elementor-element-320524c5\" data-id=\"320524c5\" data-element_type=\"column\">\n\t\t\t<div class=\"elementor-widget-wrap elementor-element-populated\">\n\t\t\t\t\t\t<div class=\"elementor-element elementor-element-15f4f884 elementor-widget elementor-widget-text-editor\" data-id=\"15f4f884\" data-element_type=\"widget\" data-widget_type=\"text-editor.default\">\n\t\t\t\t<div class=\"elementor-widget-container\">\n\t\t\t\t\t\t\t\t\t<p><\/p>\n<h2 class=\"wp-block-heading\">Professionella hackare f\u00f6r uthyrning<\/h2>\n<p><\/p>\n<div data-id=\"45a8c67\" data-element_type=\"widget\" data-widget_type=\"text-editor.default\">\n<div>\n<div data-id=\"68dc6d6\" data-element_type=\"widget\" data-widget_type=\"text-editor.default\">\n<div>\n<div>\n<div>\n<p>\u00a9 <strong>Anlita hackare online<\/strong> tj\u00e4nster kommer att leda dig genom och \u00f6vervaka hela processen med att hitta, anst\u00e4lla, f\u00f6rklara, f\u00f6rhandla och betala m\u00f6rka webbhackare. Professionella hackare f\u00f6r uthyrning.<br>Eftersom vi \u00e4r mellanhanden interagerar du aldrig direkt med hackaren, varken administrativt eller ekonomiskt; det finns ingen l\u00e4nk som kan sp\u00e5ras tillbaka till dig. Certifierade etiska hackare<a href=\"https:\/\/duckduckgo.com\/\" target=\"_blank\" rel=\"noopener\">.<\/a> <span contenteditable=\"true\">Professionella hackare f\u00f6r uthyrning.<\/span><\/p>\n<h3><span contenteditable=\"true\">Hitta professionella hackare<\/span><\/h3>\n<p>Detta ger dig ett lager av skydd som skyddar dig mot alla brottsbek\u00e4mpande myndigheter, m\u00e5let sj\u00e4lva och ja, till och med den m\u00f6rka webbhackern som aldrig k\u00e4nner till den ursprungliga kundens identitet. Att arbeta genom en hanterare \u00e4r det s\u00e4kraste s\u00e4ttet att anst\u00e4lla n\u00e5got skuggarbete idag. Anlita en etisk hackare.<br>Du kan vara s\u00e4ker p\u00e5 att du som kund hos oss alltid \u00e4r helt trygg och anonym. Vi f\u00f6rs\u00e4krar dig att jobbet slutf\u00f6rs i tid och p\u00e5 r\u00e4tt s\u00e4tt, att pengarna \u00f6verf\u00f6rs smidigt och att allt utf\u00f6rs precis som ursprungligen \u00f6verenskommits. Hur man anlitar en <a href=\"https:\/\/allhackerforhire.com\/sv\/\">etisk hackare<\/a> p\u00e5 n\u00e4tet<\/p>\n<h3>Konsultation om krav och \u00e5tervinning av tillg\u00e5ngar<\/h3>\n<p>V\u00e5ra experter p\u00e5 kommersiella tvister kan hj\u00e4lpa privatpersoner och f\u00f6retag som tror sig ha blivit utsatta f\u00f6r bedr\u00e4geri att \u00e5terf\u00e5 tillg\u00e5ngar som f\u00f6rlorats till f\u00f6ljd av bedr\u00e4geriet, b\u00e5de inom landet och utomlands. Vi f\u00f6retr\u00e4der ocks\u00e5 kunder som anklagas f\u00f6r bedr\u00e4geri och ser till att deras tillg\u00e5ngar och r\u00e4ttigheter skyddas under en r\u00e4ttslig konflikt. Kontakta oss f\u00f6r hj\u00e4lp med alla delar av \u00e5tervinning av tillg\u00e5ngar. B\u00e4sta hackare f\u00f6r uthyrning i USA.<\/p>\n<h4>V\u00e5r filosofi<\/h4>\n<p>Skyddar dig mot cyberbedr\u00e4gerier och ekonomiska f\u00f6rluster. V\u00e5ra experter p\u00e5 kommersiella tvister kan hj\u00e4lpa privatpersoner och f\u00f6retag som tror att de har utsatts f\u00f6r bedr\u00e4geri att \u00e5terf\u00e5 tillg\u00e5ngar som har f\u00f6rlorats till f\u00f6ljd av bedr\u00e4geriet, b\u00e5de inom landet och utomlands. <span contenteditable=\"true\">Hyr en professionell hacker. P<\/span><span contenteditable=\"true\">rofessionella hackare att hyra.<\/span><\/p>\n<div id=\"attachment_5018\" style=\"width: 310px\" class=\"wp-caption aligncenter\"><img fetchpriority=\"high\" decoding=\"async\" aria-describedby=\"caption-attachment-5018\" src=\"https:\/\/hireonlinehackers.com\/wp-content\/uploads\/2023\/09\/traxer-No9sjMu5zpA-unsplash-1-300x200.jpg\" alt=\"Professionella hackare f\u00f6r uthyrning\" width=\"300\" height=\"200\"><p id=\"caption-attachment-5018\" class=\"wp-caption-text\">Professionella hackare f\u00f6r uthyrning<\/p><\/div>\n<h4>V\u00e5rt m\u00e5l?<\/h4>\n<p>V\u00e5rt m\u00e5l \u00e4r enkelt: vi arbetar tillsammans med dig f\u00f6r att f\u00e5 tillbaka dina pengar s\u00e5 snabbt som m\u00f6jligt, med hj\u00e4lp av avancerade algoritmer och strategiska s\u00e4tt att hj\u00e4lpa oss att \u00e5tervinna dina f\u00f6rluster. \u00d6verv\u00e4g att kontakta oss idag f\u00f6r att diskutera ditt anspr\u00e5k. <span contenteditable=\"true\">Professionella hackare f\u00f6r uthyrning.<\/span><\/p>\n<p><\/p>\n<h3>Professionella hackare som arbetar tillsammans f\u00f6r att ge b\u00e4sta m\u00f6jliga service till v\u00e5ra kunder.<\/h3>\n<p>F\u00f6r att ge dig de b\u00e4sta och o\u00f6vertr\u00e4ffade hackingtj\u00e4nsterna anv\u00e4nder v\u00e5rt team av experthackare den mest avancerade tekniken. Som en professionell hacker f\u00f6r uthyrningsorganisation f\u00f6rser vi v\u00e5ra kunder med de b\u00e4sta certifierade etiska hackarna som finns tillg\u00e4ngliga, s\u00e5v\u00e4l som skicklighet och st\u00f6rsta sekretess och konfidentialitet.<br>Vi arbetar h\u00e5rt f\u00f6r att f\u00f6rst\u00e5 dina behov och utveckla l\u00f6sningar som uppfyller dem. F\u00f6r att utveckla nya s\u00e4tt att ta sig in i databaser och n\u00e4tverk f\u00f6rb\u00e4ttrar vi regelbundet v\u00e5ra attackverktyg, strategier och tillv\u00e4gag\u00e5ngss\u00e4tt.<\/p>\n<p><img decoding=\"async\" data-src=\"https:\/\/hireonlinehackers.com\/wp-content\/uploads\/2023\/01\/5-star-300x158.jpg\" alt=\"Professionell hacker f\u00f6r uthyrningstj\u00e4nster\" width=\"66\" height=\"35\" src=\"data:image\/svg+xml;base64,PHN2ZyB3aWR0aD0iMSIgaGVpZ2h0PSIxIiB4bWxucz0iaHR0cDovL3d3dy53My5vcmcvMjAwMC9zdmciPjwvc3ZnPg==\" class=\"lazyload\" style=\"--smush-placeholder-width: 66px; --smush-placeholder-aspect-ratio: 66\/35;\"><\/p>\n<h3>Anlita en professionell hacker<\/h3>\n<p>Hyr en hacker med cyberspion Hacking Services, som \u00e4r den b\u00e4sta l\u00f6sningen f\u00f6r mobila spiontj\u00e4nster och internets\u00e4kerhet. Din \u00e5tkomst kommer att vara s\u00e4ker och anonym med hyra en hacker-tj\u00e4nst.<\/p>\n<p>Med de b\u00e4sta professionella hackarna tillhandah\u00e5ller vi den b\u00e4sta telefonspionstj\u00e4nsten. V\u00e5ra professionella hackare utbildas med mycket professionella seniorhackare som har en mycket h\u00f6g etisk niv\u00e5.<\/p>\n<p>Alla telefonhackare \u00e4r specialister och har omfattande praktisk erfarenhet med avancerade utbildningskurser.<br>Hyr g\u00e4rna en hacker. <span contenteditable=\"true\">P<\/span><span contenteditable=\"true\">rofessionella hackare att hyra.<\/span><\/p>\n<p>\u00d6ver en miljon f\u00f6r\u00e4ldrar och m\u00e4nniskor anst\u00e4ller hackare f\u00f6r att skydda sina relationer. Du kan sp\u00e5ra platser, samtal, meddelanden, loggar, keylogger, sociala medier och mycket mer. Det \u00e4r webbaserat och 100% s\u00e4kert och s\u00e4kert. Hacking \u00e4r olagligt. Emellertid accepteras etisk hacking. Numera beh\u00f6vs s\u00e4kerhet och s\u00e4kerhet mot cyberattacker, s\u00e5 h\u00e4r \u00e4r vi tillg\u00e4ngliga f\u00f6r att l\u00f6sa dina problem med riktiga hackare.<\/p>\n<h4>Hyr en hacker f\u00f6r telefonspionstj\u00e4nster<\/h4>\n<p>Vi \u00e4r ett team av mest professionella etiska hackare, som tillhandah\u00e5ller den b\u00e4sta telefonhackningstj\u00e4nsten f\u00f6r dig. En av de sv\u00e5raste situationerna kommer i livet n\u00e4r n\u00e5gon bryter f\u00f6rtroendet.  N\u00e4r en make fuskar under relationsperioden \u00e4r det sv\u00e5rt att forts\u00e4tta. B\u00e4sta hackare f\u00f6r uthyrning p\u00e5 Internet. <span contenteditable=\"true\">P<\/span><span contenteditable=\"true\">rofessionella hackare att hyra.<\/span><\/p>\n<h4>Hyr en professionell hacker<\/h4>\n<p>H\u00e4r kommer vi med v\u00e5r telefonspionstj\u00e4nst. Du kan enkelt anst\u00e4lla en hacker och h\u00e5lla ett \u00f6ga p\u00e5 din partners aktiviteter. Med detta kan du samla tillr\u00e4ckliga bevis f\u00f6r att rapportera en s\u00e5dan situation till v\u00e4nner, familjemedlemmar eller domstolen f\u00f6r en f\u00f6r\u00e4ndring. Vi tror alltid p\u00e5 \u00f6ppenhet, s\u00e5 alla v\u00e5ra tj\u00e4nster kommer med pengarna-tillbaka-s\u00e4kerhet. N\u00e4r som helst, om du inte f\u00e5r tj\u00e4nsten kommer vi att \u00e5terbetala hela betalningen. Detta bygger v\u00e5r l\u00e5nga relation.<\/p>\n<h3>Professionell hacker f\u00f6r uthyrningstj\u00e4nster<\/h3>\n<div><a href=\"https:\/\/allhackerforhire.com\/sv\/\">Anlita hackare online<\/a> \u00e4r den ledande organisationen f\u00f6r Hire Ethical Hackers med topp skickliga Hackers. Vi \u00e4r v\u00e4lutbildade, certifierade och skickliga hackare! Vi \u00e4r l\u00e4mpliga f\u00f6r att uppfylla v\u00e5ra garantier f\u00f6r att leverera de b\u00e4sta hacker-for-hire-tj\u00e4nsterna! <br>Vi erbjuder den b\u00e4sta skickliga Hacker-uthyrningen. Det \u00e4r enkelt f\u00f6r etiska hackingtj\u00e4nster.  Kom ih\u00e5g att det inte finns n\u00e5gon ondska i att beg\u00e4ra hackare f\u00f6r uthyrningstj\u00e4nst! Om du beh\u00f6ver f\u00e5 n\u00e5got uppn\u00e5tt b\u00f6r du g\u00e5 upp och beg\u00e4ra det ...<\/div>\n<div>\n<h3>&nbsp;<\/h3>\n<\/div>\n<div>\n<h3>B\u00e4sta hackare att hyra<\/h3>\n<p>Tysta infiltrat\u00f6rer \u00e4r professionella hackare som konsekvent \u00e4r beredda att tj\u00e4na dig n\u00e4r som helst. Vi \u00e4r de mest betrodda telefonspionerna f\u00f6r uthyrning som ger skickliga hackeruthyrningstj\u00e4nster. Som den fr\u00e4msta Ethical Hacker for Hire-organisationerna globalt ger vi utm\u00e4rkt f\u00f6rm\u00e5ga att f\u00e5 all information p\u00e5 internet. Penetrationstestning och \u00f6vervakningstj\u00e4nst f\u00f6r etisk hackingstj\u00e4nst. <span contenteditable=\"true\">P<\/span><span contenteditable=\"true\">rofessionella hackare att hyra.<\/span><\/p>\n<p>Vi har en expertv\u00e4rldsgrupp av certifierade hackare, som \u00e4r specialister inom extraordin\u00e4ra hackningsf\u00e4lt. Du kan utan tvekan etisk hacking online genom att komma i kontakt med oss och en professionell hacker fr\u00e5n v\u00e5rt skickliga och utbildade hackerteam kommer att tilldelas f\u00f6r att f\u00e5 ditt arbete gjort inom en kort period.<\/p>\n<p>Toppfunktioner f\u00f6r att hacka in i alla datorer, hacka universitetsbetyg. <span contenteditable=\"true\">Anlita en professionell hacker.<\/span><\/p>\n<h4>Hur anst\u00e4ller man en Dark Web Hacker?<\/h4>\n<p>V\u00e5r cybers\u00e4kerhetsexpert kan f\u00f6rse dig med etisk hackning, tj\u00e4nster f\u00f6r den m\u00f6rka webben<a href=\"https:\/\/www.bing.com\/\" target=\"_blank\" rel=\"noopener\">,<\/a> och grey hat-hackare, som du enkelt kan anlita. <span contenteditable=\"true\">P<\/span><span contenteditable=\"true\">rofessionella hackare att hyra.<\/span><\/p>\n<p>Om du vill anst\u00e4lla en gr\u00e5 hatthackarexpert. Du kan hitta en p\u00e5litlig f\u00f6r dina hackningsbehov, f\u00f6rst b\u00f6r du inse var du ska leta och hitta en certifierad etisk hackare.<\/p>\n<p>Det finns m\u00e5nga hackerorganisationer som inte investerar den extra energi som de borde hyra en hacker n\u00e4ra mig f\u00f6r att m\u00f6ta kundernas f\u00f6rv\u00e4ntningar. <span contenteditable=\"true\">Anlita en professionell hacker.<\/span><\/p>\n<p>Vissa individer tror att de kan anst\u00e4lla en hacker n\u00e4ra dem f\u00f6r ingenting genom att g\u00e5 igenom en privat agent. Detta rekommenderas inte eftersom avgifterna \u00e4r galaktiska och kan avledas om de g\u00f6rs av en lysande individ.<\/p>\n<\/div>\n<\/div>\n<\/div>\n<\/div>\n<\/div>\n<p><img decoding=\"async\" data-src=\"https:\/\/hireonlinehackers.com\/wp-content\/uploads\/2023\/01\/5-star-300x158.jpg\" alt=\"Professionell hacker f\u00f6r uthyrningstj\u00e4nster\" width=\"36\" height=\"19\" src=\"data:image\/svg+xml;base64,PHN2ZyB3aWR0aD0iMSIgaGVpZ2h0PSIxIiB4bWxucz0iaHR0cDovL3d3dy53My5vcmcvMjAwMC9zdmciPjwvc3ZnPg==\" class=\"lazyload\" style=\"--smush-placeholder-width: 36px; --smush-placeholder-aspect-ratio: 36\/19;\"><\/p>\n<\/div>\n<\/div>\n<p><\/p>\t\t\t\t\t\t\t\t<\/div>\n\t\t\t\t<\/div>\n\t\t\t\t\t<\/div>\n\t\t<\/div>\n\t\t\t\t\t<\/div>\n\t\t<\/section>\n\t\t\t\t<section class=\"elementor-section elementor-top-section elementor-element elementor-element-da4e662 elementor-section-boxed elementor-section-height-default elementor-section-height-default default-style\" data-id=\"da4e662\" data-element_type=\"section\" data-settings=\"{&quot;rt_color_sets&quot;:&quot;default-style&quot;}\">\n\t\t\t\t\t\t<div class=\"elementor-container elementor-column-gap-default\">\n\t\t\t\t\t<div class=\"elementor-column elementor-col-50 elementor-top-column elementor-element elementor-element-db924fe\" data-id=\"db924fe\" data-element_type=\"column\">\n\t\t\t<div class=\"elementor-widget-wrap elementor-element-populated\">\n\t\t\t\t\t\t<div class=\"elementor-element elementor-element-0485719 elementor-widget elementor-widget-image\" data-id=\"0485719\" data-element_type=\"widget\" data-widget_type=\"image.default\">\n\t\t\t\t<div class=\"elementor-widget-container\">\n\t\t\t\t\t\t\t\t\t\t\t\t\t\t\t<img decoding=\"async\" width=\"768\" height=\"288\" data-src=\"https:\/\/allhackerforhire.com\/wp-content\/uploads\/2022\/11\/Buy-Registered-Documents.jpg\" class=\"attachment-large size-large wp-image-4545 lazyload\" alt=\"Anst\u00e4ll Dark Web Hackers\" data-srcset=\"https:\/\/allhackerforhire.com\/wp-content\/uploads\/2022\/11\/Buy-Registered-Documents.jpg 768w, https:\/\/allhackerforhire.com\/wp-content\/uploads\/2022\/11\/Buy-Registered-Documents-300x113.jpg 300w, https:\/\/allhackerforhire.com\/wp-content\/uploads\/2022\/11\/Buy-Registered-Documents-600x225.jpg 600w\" data-sizes=\"(max-width: 768px) 100vw, 768px\" src=\"data:image\/svg+xml;base64,PHN2ZyB3aWR0aD0iMSIgaGVpZ2h0PSIxIiB4bWxucz0iaHR0cDovL3d3dy53My5vcmcvMjAwMC9zdmciPjwvc3ZnPg==\" style=\"--smush-placeholder-width: 768px; --smush-placeholder-aspect-ratio: 768\/288;\" \/>\t\t\t\t\t\t\t\t\t\t\t\t\t\t\t<\/div>\n\t\t\t\t<\/div>\n\t\t\t\t\t<\/div>\n\t\t<\/div>\n\t\t\t\t<div class=\"elementor-column elementor-col-50 elementor-top-column elementor-element elementor-element-bff131d\" data-id=\"bff131d\" data-element_type=\"column\">\n\t\t\t<div class=\"elementor-widget-wrap elementor-element-populated\">\n\t\t\t\t\t\t<div class=\"elementor-element elementor-element-db6bcbe elementor-widget elementor-widget-heading\" data-id=\"db6bcbe\" data-element_type=\"widget\" data-widget_type=\"heading.default\">\n\t\t\t\t<div class=\"elementor-widget-container\">\n\t\t\t\t\t<h2 class=\"elementor-heading-title elementor-size-default\"><span class=\"tagify__tag-text\">Anst\u00e4ll Dark Web Hackers<\/span><\/h2>\t\t\t\t<\/div>\n\t\t\t\t<\/div>\n\t\t\t\t\t<\/div>\n\t\t<\/div>\n\t\t\t\t\t<\/div>\n\t\t<\/section>\n\t\t\t\t<\/div>","protected":false},"excerpt":{"rendered":"<p>Professionella hackare f\u00f6r uthyrning \u00a9 Hire Online Hackers-tj\u00e4nster kommer att leda dig igenom och \u00f6vervaka hela processen att hitta, anst\u00e4lla, f\u00f6rklara, f\u00f6rhandla och betala m\u00f6rka webbhackare. Professionella hackare f\u00f6r uthyrning Eftersom vi \u00e4r mellanhanden interagerar du aldrig direkt med hackaren, varken administrativt eller ekonomiskt; det finns ingen l\u00e4nk som sp\u00e5rar tillbaka till dig. [...]<\/p>","protected":false},"author":1,"featured_media":4993,"parent":0,"menu_order":0,"comment_status":"closed","ping_status":"open","template":"","meta":{"_acf_changed":false,"footnotes":""},"class_list":["post-3","page","type-page","status-publish","has-post-thumbnail","hentry"],"acf":[],"_links":{"self":[{"href":"https:\/\/allhackerforhire.com\/sv\/wp-json\/wp\/v2\/pages\/3","targetHints":{"allow":["GET"]}}],"collection":[{"href":"https:\/\/allhackerforhire.com\/sv\/wp-json\/wp\/v2\/pages"}],"about":[{"href":"https:\/\/allhackerforhire.com\/sv\/wp-json\/wp\/v2\/types\/page"}],"author":[{"embeddable":true,"href":"https:\/\/allhackerforhire.com\/sv\/wp-json\/wp\/v2\/users\/1"}],"replies":[{"embeddable":true,"href":"https:\/\/allhackerforhire.com\/sv\/wp-json\/wp\/v2\/comments?post=3"}],"version-history":[{"count":55,"href":"https:\/\/allhackerforhire.com\/sv\/wp-json\/wp\/v2\/pages\/3\/revisions"}],"predecessor-version":[{"id":5159,"href":"https:\/\/allhackerforhire.com\/sv\/wp-json\/wp\/v2\/pages\/3\/revisions\/5159"}],"wp:featuredmedia":[{"embeddable":true,"href":"https:\/\/allhackerforhire.com\/sv\/wp-json\/wp\/v2\/media\/4993"}],"wp:attachment":[{"href":"https:\/\/allhackerforhire.com\/sv\/wp-json\/wp\/v2\/media?parent=3"}],"curies":[{"name":"wp","href":"https:\/\/api.w.org\/{rel}","templated":true}]}}