{"id":40,"date":"2010-08-23T19:14:50","date_gmt":"2010-08-23T19:14:50","guid":{"rendered":"http:\/\/rttheme10.templatemints.com\/?page_id=40"},"modified":"2025-11-16T10:32:59","modified_gmt":"2025-11-16T10:32:59","slug":"anlita-en-hacker","status":"publish","type":"page","link":"https:\/\/allhackerforhire.com\/sv\/anlita-en-hacker\/","title":{"rendered":"Kontakta oss"},"content":{"rendered":"<h1>ANST\u00c4LL EN HACKARE<\/h1>\n<h2>Hyr en hacker online | Hyr en hacker | Hyr en hacker<\/h2>\n<p>Anst\u00e4ll en hacker som \u00e4r \u00e4rlig och dedikerad till att uppfylla den tilldelade hackingstj\u00e4nsten. S\u00e4kerst\u00e4llda resultat f\u00f6r hackingtj\u00e4nster. V\u00e5ra hackare att hyra \u00e4r \u00e4rliga, dedikerade och passionerade f\u00f6r sitt arbete, de kan korsa alla niv\u00e5er av hacking f\u00f6r att f\u00e5 framg\u00e5ng i hacking. Snabbt svar fr\u00e5n Hacker Hitta Dark Web Hacker svarar inom 30 minuter.<\/p>\n<h3 data-rt-animate=\"animate\" data-rt-animation-type=\"fade\" data-rt-animation-group=\"single\">KONTAKTA OSS<\/h3>\n<h3>P\u00e5litliga hackare f\u00f6r uthyrning<\/h3>\n<div><span style=\"color: #ff0000;\"><strong>ALL8hfh@protonmail.ch<\/strong><\/span><\/div>\n<h2><strong>Underjordiska datorhackare f\u00f6r uthyrning<\/strong><\/h2>\n<p>Vi hyr en hacker-tj\u00e4nsteleverant\u00f6r och erbjuder exklusiva p\u00e5litliga etiska cyberexperter \u00f6ver hela v\u00e4rlden. H\u00e4r kan du hitta det stora utbudet av tillg\u00e4ngliga online-experter. 24 * 7 kundsupport online. Anlita professionella cyberexperter 24\/7 n\u00e4r som helst.<\/p>\n<p>V\u00e5ra b\u00e4sta cyberexperttj\u00e4nster erbjuder dig, hackad telefonr\u00e4ddning, komprometterad l\u00f6senords\u00e5terst\u00e4llning f\u00f6r sociala medier, \u00e5tervinning av medel fr\u00e5n Crypto Investment Scam, sp\u00e5rning av bank\u00f6verf\u00f6ringsbedr\u00e4gerier, f\u00f6rtalande eller falska internetartiklar, blogginl\u00e4gg eller rapportering och borttagning av falsk recension, \u00e5terst\u00e4llning av hackade eller komprometterade webbplatser och m\u00e5nga fler s\u00e5dana tj\u00e4nster d\u00e4r du \u00e4r hj\u00e4lpl\u00f6s och inte kan hitta n\u00e5got ytterligare s\u00e4tt att g\u00e5 vidare.<\/p>\n<p>Om du inte \u00e4r s\u00e4ker p\u00e5 vilken tj\u00e4nst du beh\u00f6ver, men har ett problem som vi kan l\u00f6sa, m\u00e5ste du sj\u00e4lv ta initiativ till att be om den:<\/p>\n<ol>\n<li>Spy and Monitor \u00e4r en topporganisation f\u00f6r etisk hackeruthyrning!<\/li>\n<li>Anst\u00e4ll extremt v\u00e4lutbildade, certifierade och professionella hackare!<\/li>\n<li>Hyr en hackare som kan h\u00e5lla vad han lovar!<\/li>\n<li>V\u00e5r unika f\u00f6rs\u00e4ljningsargument \u00e4r f\u00f6rtroende och ansvar!<\/li>\n<\/ol>\n<p>Vi bygger f\u00f6rtroende f\u00f6r alla kunder. Tveka inte att kontakta oss. Oavsett vilken f\u00f6rfr\u00e5gan du har, kontakta bara v\u00e5r\u00a0<b>Professionella cyberexperter<\/b>, kommer v\u00e5rt professionella och h\u00f6gt beg\u00e5vade team att \u00e5terkomma till dig s\u00e5 snart som m\u00f6jligt. Hyr en hacker online.<\/p>\n<p>Du kan hitta l\u00f6sningen p\u00e5 alla problem h\u00e4r, till exempel n\u00e5gon Hacking Facebook, L\u00f6senords\u00e5terst\u00e4llning, Instagram Hacker, WhatsApp, Snapchat Hacker, E-post eller Dator eller om du misst\u00e4nker att n\u00e5gon \u00f6vervakar din telefon, f\u00e5 en l\u00f6sning p\u00e5 ditt problem fr\u00e5n specialiserade cyberexperter.<\/p>\n<p>Vi har 100+ professionella cyberexperter och vi ser till att du \u00e4r 100% s\u00e4ker och s\u00e4ker n\u00e4r du hyr en hacker online fr\u00e5n oss. F\u00f6rtroende \u00e4r v\u00e5rt f\u00f6rsta vapen. S\u00e5 oroa dig inte! Vi levererade v\u00e5ra tj\u00e4nster till m\u00e5nga kunder \u00f6ver hela v\u00e4rlden. Vi uts\u00e4tter inte dina personuppgifter f\u00f6r n\u00e5gon.<\/p>\n<p><img decoding=\"async\" data-src=\"https:\/\/hireonlinehackers.com\/wp-content\/uploads\/2023\/01\/5-star-300x158.jpg\" alt=\"Professionell hacker f\u00f6r uthyrningstj\u00e4nster\" width=\"53\" height=\"28\" src=\"data:image\/svg+xml;base64,PHN2ZyB3aWR0aD0iMSIgaGVpZ2h0PSIxIiB4bWxucz0iaHR0cDovL3d3dy53My5vcmcvMjAwMC9zdmciPjwvc3ZnPg==\" class=\"lazyload\" style=\"--smush-placeholder-width: 53px; --smush-placeholder-aspect-ratio: 53\/28;\" \/><\/p>\n<h3 data-rt-animate=\"animate\" data-rt-animation-type=\"fade\" data-rt-animation-group=\"single\">N\u00d6JDHET \u00c4R GARANTERAD.<\/h3>\n<h2>Professionella hackare f\u00f6r uthyrning<\/h2>\n<h3>Tj\u00e4nster f\u00f6r telefon\u00f6vervakning<\/h3>\n<p>Vi levererar fullst\u00e4ndig mobiltelefon\u00f6vervakningstj\u00e4nst f\u00f6r ditt riktade nummer med hj\u00e4lp av banbrytande teknik som g\u00f6r att du kan kontrollera alla aspekter av enheten. Fuskpartner\u00f6vervakning \u00e4r tillg\u00e4nglig till din tj\u00e4nst! Hacker f\u00f6r uthyrning.<\/p>\n<h3>Tj\u00e4nster f\u00f6r \u00e5terst\u00e4llning av l\u00f6senord<\/h3>\n<p>Vi kommer att ge dig tillg\u00e5ng till hela kontot s\u00e5 att du kan l\u00e4sa alla inkommande och utg\u00e5ende meddelanden. Du kommer ocks\u00e5 att se nyligen raderade meddelanden. Riktiga hackare f\u00f6r uthyrning.<\/p>\n<p><img decoding=\"async\" data-src=\"https:\/\/hireonlinehackers.com\/wp-content\/uploads\/2023\/01\/5-star-300x158.jpg\" alt=\"Professionell hacker f\u00f6r uthyrningstj\u00e4nster\" width=\"66\" height=\"35\" src=\"data:image\/svg+xml;base64,PHN2ZyB3aWR0aD0iMSIgaGVpZ2h0PSIxIiB4bWxucz0iaHR0cDovL3d3dy53My5vcmcvMjAwMC9zdmciPjwvc3ZnPg==\" class=\"lazyload\" style=\"--smush-placeholder-width: 66px; --smush-placeholder-aspect-ratio: 66\/35;\" \/><\/p>\n<h3>Tj\u00e4nster f\u00f6r penetrering av sociala medier<\/h3>\n<p>Vi kommer att ge dig tilltr\u00e4de till olika sociala mediekonton som Messenger, Whatsapp, Instagram, Snapchat, Telegram, etc. \u00d6vervaka diskret utan att varna ditt m\u00e5l. Nu kan du hyra etiska cyberexperter fr\u00e5n sociala medier fr\u00e5n oss. Anst\u00e4ll en hacker.<\/p>\n<h2><strong>B\u00e4sta etiska cyberhackare<\/strong><\/h2>\n<p>Professionella cyberexperter \u00e4r alltid beredda att tillhandah\u00e5lla den b\u00e4sta hackingstj\u00e4nsten f\u00f6r dig. Vi \u00e4r professionella leverant\u00f6rer av hackingtj\u00e4nster i USA. Du kan enkelt utforska med online\u00a0<b>hackare att hyra<\/b>. Som ett fr\u00e4msta Ethical Hacker for Hire-support i v\u00e4rlden erbjuder Spy and Monitor de b\u00e4sta onlinecyberexperterna \u00f6ver hela v\u00e4rlden.<\/p>\n<p>Vi har ett specialiserat 100+ globalt team med mycket erfarna cyberexperter, d\u00e4r du kan\u00a0<a href=\"https:\/\/allhackerforhire.com\/sv\/anlita-en-hacker\/\">kontakta hackare online<\/a>, som \u00e4r experter p\u00e5 \u00f6verl\u00e4gsna \u00e4ngar. V\u00e5ra b\u00e4sta hackare anst\u00e4lls online genom att leda live-tester p\u00e5 m\u00e5nga niv\u00e5er; n\u00e4r de v\u00e4l har bevisat sig kan de g\u00e5 med i v\u00e5rt \u00f6verl\u00e4gsna team<a href=\"https:\/\/duckduckgo.com\/\" target=\"_blank\" rel=\"noopener\">.<\/a> Anlita en hacker f\u00f6r alla typer av jobb.<\/p>\n<p>\u2713 Anlita professionella cyberexperter f\u00f6r telefon\u00f6vervakningstj\u00e4nster<\/p>\n<p>\u2713 Anst\u00e4llning av etiska cyberhackare f\u00f6r \u00f6vervakning av oetisk partner \/ oetisk make<\/p>\n<p>\u2713 Anst\u00e4ll hackare f\u00f6r \u00e5terh\u00e4mtning av Crypto Investment Scam<\/p>\n<p>\u2713 Anlita etiska cyberproffs f\u00f6r penetration av sociala medier<\/p>\n<p><img decoding=\"async\" data-src=\"https:\/\/buylegitpassport.com\/wp-content\/uploads\/2022\/11\/5-star-2-300x158.jpg\" alt=\"Anlita en hacker\" width=\"70\" height=\"37\" src=\"data:image\/svg+xml;base64,PHN2ZyB3aWR0aD0iMSIgaGVpZ2h0PSIxIiB4bWxucz0iaHR0cDovL3d3dy53My5vcmcvMjAwMC9zdmciPjwvc3ZnPg==\" class=\"lazyload\" style=\"--smush-placeholder-width: 70px; --smush-placeholder-aspect-ratio: 70\/37;\" \/><\/p>\n<section data-id=\"785fc72\" data-element_type=\"section\" data-settings=\"{&quot;background_background&quot;:&quot;classic&quot;}\">\n<h2><strong>VEM VI \u00c4R<\/strong><\/h2>\n<p>V\u00e5ra hackare att anst\u00e4lla \u00e4r professionella, erfarna, extraordin\u00e4ra och extremt beg\u00e5vade. De flesta av v\u00e5ra etiska cyberexperter arbetade i 15+ \u00e5r f\u00f6r olika kunder och byr\u00e5er inom omr\u00e5det Social Media Penetration, Funds Recovery fr\u00e5n Scam Websites eller f\u00f6retag, Crypto eller Bitcoin Investment och Data Management, och de flesta om inte alla har kunskap om att arbeta f\u00f6r f\u00f6retag som formar olika s\u00e4kerhetsupps\u00e4ttningar f\u00f6r olika applikationer. Att ha arbetat f\u00f6r s\u00e5dana f\u00f6retag ger v\u00e5ra professionella hackare en f\u00f6rdel och en hel inblick i hur s\u00e4kerhet fungerar f\u00f6r olika applikationer<\/p>\n<h2><strong>VAD VI G\u00d6R<\/strong><\/h2>\n<p>Vi \u00e4r professionella inom alla omr\u00e5den. Vi \u00e4r specialister p\u00e5 telefon\u00f6vervakning och tillhandah\u00e5ller kompletta telefon\u00f6vervakningstj\u00e4nster till v\u00e5ra kunder som regelbundet beh\u00f6ver det f\u00f6r sina barn eller situationer som en misst\u00e4nkt otrogen make eller aff\u00e4rspartner etc. Detta \u00e4r dock inte det enda vi g\u00f6r, fyll bara i v\u00e5rt kontaktformul\u00e4r s\u00e5 kan vi diskutera dina krav och ge dig en l\u00e4mplig l\u00f6sning.<\/p>\n<h2><strong>HACKER F\u00d6R UTHYRNING<\/strong><\/h2>\n<p>Anst\u00e4ll v\u00e5ra hackare som \u00e4r dedikerade till excellens. Det finns situationer n\u00e4r du funderar p\u00e5 att anst\u00e4lla en nyb\u00f6rjare; du v\u00e4ntar dock p\u00e5 att f\u00e5 tag p\u00e5 en hacker. Tveka inte att kontakta oss, s\u00e5 kan vi ge dig en specifik hyra hacker-tj\u00e4nst. Nedan listas ett par av de hetaste hackerna f\u00f6r hyresleverant\u00f6rer. Hyr en hacker.<\/p>\n<h3>Hur mycket kostar det att anst\u00e4lla en hacker<\/h3>\n<p>Kostnaden f\u00f6r att anlita en hacker kan variera kraftigt beroende p\u00e5 vilken typ av arbete du beh\u00f6ver, hackerns expertisniv\u00e5 och den tid som kr\u00e4vs f\u00f6r att slutf\u00f6ra uppgiften. Att anlita en hacker kan kosta allt fr\u00e5n n\u00e5gra f\u00e5 till tusentals dollar.<\/p>\n<p>Du kanske undrar om det \u00e4r olagligt att anlita en hacker. Ja, det \u00e4r viktigt att notera att det \u00e4r olagligt att anlita en hacker i de flesta l\u00e4nder och att det kan f\u00e5 allvarliga juridiska konsekvenser.<\/p>\n<h2>V\u00e5ra tj\u00e4nster inom hacking<\/h2>\n<ol>\n<li>\u00d6vervakning av mobiltelefoner<\/li>\n<li>Experter p\u00e5 sociala medier och cyber<\/li>\n<li>Penetrationstestning av webbplatser<\/li>\n<li>Utredning av otrogen partner\/make<\/li>\n<li>Tj\u00e4nster f\u00f6r dator\u00f6vervakning i molnet<\/li>\n<li>\u00c5terf\u00f6ring av bank\u00f6verf\u00f6ring<\/li>\n<li>Bedr\u00e4geri Bitcoin Investeringsfonder \u00c5tervinning<\/li>\n<\/ol>\n<\/section>","protected":false},"excerpt":{"rendered":"<p>HIRE A HACKER Hire A Hacker Online | Rent A Hacker | Rent a Hacker Hire a Hacker Who is Honest and Dedicated To Fulfilling the Hacking Service Assigned. Assured Hacking Service Results. Our hackers for hire are honest, dedicated, and passionate about their work, they can cross any level of hacking to get success [&hellip;]<\/p>","protected":false},"author":1,"featured_media":0,"parent":0,"menu_order":0,"comment_status":"open","ping_status":"closed","template":"builder-ready.php","meta":{"_acf_changed":false,"footnotes":""},"class_list":["post-40","page","type-page","status-publish","hentry"],"acf":[],"_links":{"self":[{"href":"https:\/\/allhackerforhire.com\/sv\/wp-json\/wp\/v2\/pages\/40","targetHints":{"allow":["GET"]}}],"collection":[{"href":"https:\/\/allhackerforhire.com\/sv\/wp-json\/wp\/v2\/pages"}],"about":[{"href":"https:\/\/allhackerforhire.com\/sv\/wp-json\/wp\/v2\/types\/page"}],"author":[{"embeddable":true,"href":"https:\/\/allhackerforhire.com\/sv\/wp-json\/wp\/v2\/users\/1"}],"replies":[{"embeddable":true,"href":"https:\/\/allhackerforhire.com\/sv\/wp-json\/wp\/v2\/comments?post=40"}],"version-history":[{"count":104,"href":"https:\/\/allhackerforhire.com\/sv\/wp-json\/wp\/v2\/pages\/40\/revisions"}],"predecessor-version":[{"id":5858,"href":"https:\/\/allhackerforhire.com\/sv\/wp-json\/wp\/v2\/pages\/40\/revisions\/5858"}],"wp:attachment":[{"href":"https:\/\/allhackerforhire.com\/sv\/wp-json\/wp\/v2\/media?parent=40"}],"curies":[{"name":"wp","href":"https:\/\/api.w.org\/{rel}","templated":true}]}}