{"id":4967,"date":"2023-09-10T15:27:23","date_gmt":"2023-09-10T15:27:23","guid":{"rendered":"https:\/\/hireonlinehackers.com\/?page_id=4967"},"modified":"2024-07-02T22:26:43","modified_gmt":"2024-07-02T22:26:43","slug":"uthyrningstjanst-for-telefonhackare","status":"publish","type":"page","link":"https:\/\/allhackerforhire.com\/sv\/uthyrningstjanst-for-telefonhackare\/","title":{"rendered":"Telefonhackare"},"content":{"rendered":"<div data-elementor-type=\"wp-page\" data-elementor-id=\"4967\" class=\"elementor elementor-4967\">\n\t\t\t\t\t\t<section class=\"elementor-section elementor-top-section elementor-element elementor-element-21ed0537 elementor-section-boxed elementor-section-height-default elementor-section-height-default default-style\" data-id=\"21ed0537\" data-element_type=\"section\" data-settings=\"{&quot;rt_color_sets&quot;:&quot;default-style&quot;}\">\n\t\t\t\t\t\t<div class=\"elementor-container elementor-column-gap-default\">\n\t\t\t\t\t<div class=\"elementor-column elementor-col-100 elementor-top-column elementor-element elementor-element-320524c5\" data-id=\"320524c5\" data-element_type=\"column\">\n\t\t\t<div class=\"elementor-widget-wrap elementor-element-populated\">\n\t\t\t\t\t\t<div class=\"elementor-element elementor-element-15f4f884 elementor-widget elementor-widget-text-editor\" data-id=\"15f4f884\" data-element_type=\"widget\" data-widget_type=\"text-editor.default\">\n\t\t\t\t<div class=\"elementor-widget-container\">\n\t\t\t\t\t\t\t\t\t<p><\/p>\n<h2 class=\"wp-block-heading\">Telefonhackare f\u00f6r uthyrningstj\u00e4nst<\/h2>\n<p><\/p>\n<div data-id=\"45a8c67\" data-element_type=\"widget\" data-widget_type=\"text-editor.default\">\n<div>\n<div data-id=\"68dc6d6\" data-element_type=\"widget\" data-widget_type=\"text-editor.default\">\n<div>\n<p>Telefonhackare f\u00f6r uthyrningstj\u00e4nst tillhandah\u00e5ller fullst\u00e4ndig telefon\u00f6vervakning s\u00e5 att du kan lyssna p\u00e5 telefonsamtal, se textmeddelanden och iMessage, Whatsapp-meddelanden, Instagram, Snapchat-meddelanden och alla andra meddelandetj\u00e4nster och sociala medier som anv\u00e4nds fr\u00e5n enheten. <span contenteditable=\"true\">Telefonhackare f\u00f6r uthyrningstj\u00e4nst.<\/span><\/p>\n<p>\u00a0V\u00e5r telefonhackare f\u00f6r uthyrningstj\u00e4nst kan beg\u00e4ras genom att fylla i v\u00e5rt formul\u00e4r Kontakta oss som finns l\u00e4ngst ner p\u00e5 denna sida. Du kan vara s\u00e4ker p\u00e5 100%-konfidentialitet n\u00e4r du best\u00e4ller v\u00e5r telefonhackare f\u00f6r uthyrningstj\u00e4nst. Din kommunikation med oss \u00e4r helt s\u00e4ker och s\u00e4ker. Best\u00e4ll g\u00e4rna telefonhackningstj\u00e4nsten med fullt f\u00f6rtroende och f\u00e5 omedelbara svar fr\u00e5n v\u00e5r superaktiva kundsupport<a href=\"https:\/\/duckduckgo.com\/\" target=\"_blank\" rel=\"noopener\">.<\/a> Anlita en mobiltelefonhackare.<\/p>\n<h3><span contenteditable=\"true\">Anlita en hacker f\u00f6r att hacka en mobiltelefon<\/span><\/h3>\n<p>Hyr en hacker f\u00f6r en mobiltelefon \/ mobiltelefon f\u00f6r vad ditt krav kan vara fr\u00e5n att h\u00e5lla reda p\u00e5 ditt barns aktiviteter till att ta reda p\u00e5 en misst\u00e4nkt otrogen make \/ partner eller andra krav p\u00e5 telefonhackning beroende p\u00e5 dina omst\u00e4ndigheter. <span contenteditable=\"true\">Anlita en hacker f\u00f6r att hacka en mobiltelefon.<\/span><\/p>\n<div data-animation-style=\"fade\" data-animation-repeat=\"\" data-animation-duration=\"1000ms\" data-animation-delay=\"0ms\" data-animation-intensity=\"50%\" data-animation-starting-opacity=\"0%\" data-animation-speed-curve=\"ease-in-out\">\n<div>\n<h1>Fj\u00e4rrhackare f\u00f6r mobiltelefoner f\u00f6r uthyrning online<\/h1>\n<h2>Vi kan hacka vad som helst p\u00e5 webben<\/h2>\n<\/div>\n<\/div>\n<div>\n<div>\n<p>Keystroke Group best\u00e5r av 50 certifierade etiska, Grey Hat &amp; Black Hat <a href=\"https:\/\/allhackerforhire.com\/sv\/\" target=\"_blank\" rel=\"noopener\">Hackare p\u00e5 n\u00e4tet<\/a>. V\u00e5r grupp har specialiserat sig p\u00e5 Cell Phone Hacking och Digital Forensics. Du kan nu komma \u00e5t all data fr\u00e5n vilken smartphone som helst med bara mobilnumret<a href=\"https:\/\/www.bing.com\/\" target=\"_blank\" rel=\"noopener\">.<\/a> V\u00e5rt arbete str\u00e4cker sig ocks\u00e5 till att ge dig tillg\u00e5ng till alla sociala mediekonton. Kontot kan vara aktivt, inaktiverat eller till och med raderat. <span contenteditable=\"true\">Anlita en hacker f\u00f6r att hacka en mobiltelefon.<\/span><\/p>\n<div>\n<h2>Anst\u00e4ll Hacker Service f\u00f6r att spionera p\u00e5 mobiltelefon<\/h2>\n<p>Det har i allm\u00e4nhet skett en hel del tekniska framsteg p\u00e5 senare tid, s\u00e4rskilt n\u00e4r det g\u00e4ller \u00f6vervakningsteknik f\u00f6r mobiltelefonspioner. Fr\u00e5n utvecklingen av spionappar f\u00f6r mobiltelefoner till proffs som erbjuder sina tekniska f\u00e4rdigheter och tekniska kunskaper vad har du. Du kan enkelt anst\u00e4lla en av dessa\u00a0<a href=\"https:\/\/allhackerforhire.com\/sv\/\" target=\"_blank\" rel=\"noreferrer noopener\">legitima och verifierade hackare<\/a>\u00a0f\u00f6r \u00f6vervakning av mobiltelefoner och andra hackningstj\u00e4nster som du kan vara intresserad av. <span contenteditable=\"true\">Telefonhackare f\u00f6r uthyrningstj\u00e4nst.<\/span><\/p>\n<p>M\u00e5nga m\u00e4nniskor \u00e4r intresserade av att spionera p\u00e5 andras mobiltelefoner av olika sk\u00e4l. Men de tre b\u00e4sta kategorierna av m\u00e4nniskor som tycker att spionteknik f\u00f6r mobiltelefoner \u00e4r s\u00e4rskilt anv\u00e4ndbar baserat p\u00e5 deras efterfr\u00e5gan p\u00e5 den \u00e4r; gifta par som f\u00f6rs\u00f6ker spionera p\u00e5 sin make f\u00f6r att se till att de inte \u00e4r otrogna, f\u00f6r\u00e4ldrar som f\u00f6rs\u00f6ker \u00f6vervaka sina barn och arbetsgivare som vill \u00f6vervaka sina anst\u00e4llda. <span contenteditable=\"true\">Anlita en hacker f\u00f6r att hacka en mobiltelefon.<\/span><\/p>\n<h2>Anlita en hacker f\u00f6r telefonhackning<\/h2>\n<p>N\u00e4r det g\u00e4ller \u00f6vervakning av mobiltelefoner \u00e4r det b\u00e4sta st\u00e4llet du kan hitta en p\u00e5litlig och p\u00e5litlig l\u00f6sning genom att anst\u00e4lla en professionell hacker f\u00f6r uthyrningstj\u00e4nst som du kan lita p\u00e5. Datorhackning och smartphonehackning har mycket gemensamt, och det \u00e4r d\u00e4rf\u00f6r bara en professionell hacker kan lita p\u00e5 f\u00f6r att hj\u00e4lpa till att f\u00e5 tillg\u00e5ng till en mobil enhet f\u00f6r \u00f6vervakning. <span contenteditable=\"true\">Anlita en hacker f\u00f6r att hacka en mobiltelefon.<\/span><\/p>\n<p>Om du f\u00f6rs\u00f6ker g\u00f6ra en online-s\u00f6kning efter hur du spionerar p\u00e5 en mobiltelefon \u00e4r majoriteten av resultaten du hittar spionappar. Men sanningen \u00e4r att spionappar \u00e4r allm\u00e4nt k\u00e4nda f\u00f6r att vara ineffektiva, och oavsett namnet p\u00e5 spionappen fungerar de alla i allm\u00e4nhet lika. En annan brist p\u00e5 spionappar \u00e4r att du m\u00e5ste ha tillg\u00e5ng till m\u00e5lenheten f\u00f6r att kunna anv\u00e4nda den. <span contenteditable=\"true\">Telefonhackare f\u00f6r uthyrningstj\u00e4nst<\/span><\/p>\n<div id=\"attachment_4971\" style=\"width: 310px\" class=\"wp-caption alignnone\"><img decoding=\"async\" aria-describedby=\"caption-attachment-4971\" data-src=\"https:\/\/hireonlinehackers.com\/wp-content\/uploads\/2023\/09\/Phone-Hackers-For-Hire-Service-300x158.jpg\" alt=\"Telefonhackare f\u00f6r uthyrningstj\u00e4nst\" width=\"300\" height=\"158\" src=\"data:image\/svg+xml;base64,PHN2ZyB3aWR0aD0iMSIgaGVpZ2h0PSIxIiB4bWxucz0iaHR0cDovL3d3dy53My5vcmcvMjAwMC9zdmciPjwvc3ZnPg==\" class=\"lazyload\" style=\"--smush-placeholder-width: 300px; --smush-placeholder-aspect-ratio: 300\/158;\" \/><p id=\"caption-attachment-4971\" class=\"wp-caption-text\">Telefonhackare f\u00f6r uthyrningstj\u00e4nst<\/p><\/div>\n<h2>L\u00f6sning f\u00f6r hackningstj\u00e4nst f\u00f6r mobiltelefoner<\/h2>\n<p>All Hacker For Hire \u00e4r en avancerad hackningsl\u00f6sning f\u00f6r mobiltelefoner som l\u00e5ter dig spionera p\u00e5 alla mobiltelefoner inklusive iOS-telefoner och Android-mobiltelefoner. All Hacker For Hire inf\u00f6rlivar all den b\u00e4sta spiontekniken f\u00f6r mobiltelefoner i sin telefonspionl\u00f6sning, och det \u00e4r en av f\u00e5 mobiltelefonspionappl\u00f6sningar som l\u00e5ter dig installera och \u00f6vervaka m\u00e5ltelefonen p\u00e5 distans.<\/p>\n<h2>Varf\u00f6r m\u00e4nniskor anlitar professionella hackare f\u00f6r uthyrning<\/h2>\n<p>M\u00e4nniskor anst\u00e4ller professionella hackare f\u00f6r att hyra f\u00f6r att f\u00f6rse dem med olika hackningstj\u00e4nster. Det sista avsnittet i den h\u00e4r artikeln kommer att titta p\u00e5 n\u00e5gra av de b\u00e4sta tj\u00e4nsterna som m\u00e4nniskor vill anst\u00e4lla en hacker f\u00f6r att g\u00f6ra f\u00f6r dem. N\u00e5gra av de vanliga hackerna f\u00f6r uthyrningstj\u00e4nster inkluderar;<\/p>\n<p><strong>Anlita en hacker f\u00f6r att f\u00e5nga otrogen make\/maka:<\/strong>\u00a0P\u00e5 senare tid har teknikens framsteg lett till h\u00f6gre otrohetsniv\u00e5er. M\u00e4nniskor kan nu enkelt registrera sig p\u00e5 dejtingsajter f\u00f6r att s\u00f6ka och engagera sig i utom\u00e4ktenskapliga aff\u00e4rer. Mobiltelefoner har ocks\u00e5 gjort det enkelt f\u00f6r m\u00e4nniskor att genomf\u00f6ra de olagliga aff\u00e4rerna. Det \u00e4r d\u00e4rf\u00f6r misst\u00e4nkta par v\u00e4nder sig till hackare f\u00f6r att hj\u00e4lpa dem att hitta bevis p\u00e5 utom\u00e4ktenskapliga aff\u00e4rer.<\/p>\n<p><strong>Anlita en hacker f\u00f6r att hacka mobiltelefonen:<\/strong>\u00a0Mobiltelefonhackning \u00e4r en annan popul\u00e4r tj\u00e4nst som m\u00e4nniskor som vill anst\u00e4lla hackare beh\u00f6ver. Att kunna spionera p\u00e5 en mobiltelefon g\u00f6r att du kan \u00f6vervaka allt p\u00e5 telefonen, till exempel GPS-plats samt all kommunikation.<\/p>\n<p><strong>Anlita en hacker f\u00f6r att hacka konton i sociala medier:\u00a0<\/strong>Det finns \u00f6ver 4 miljarder sociala mediekonton i v\u00e4rlden. Det \u00e4r d\u00e4rf\u00f6r inte f\u00f6rv\u00e5nande att hacking av sociala medier ocks\u00e5 \u00e4r en hackingtj\u00e4nst som \u00e4r mycket efterfr\u00e5gad<\/p>\n<p>Det finns andra hackningstj\u00e4nster som \u00e4r mycket efterfr\u00e5gade, till exempel - webbplatshackning, \u00e5tervinning av f\u00f6rlorade, lurade eller stulna kryptovalutor och medel, hackning eller \u00e5tervinning av hackade e-postkonton, hackning av datorsystem och mer.<\/p>\n<p>Oavsett vilken tj\u00e4nst det \u00e4r som du vill hyra en hacker f\u00f6r, kan du alltid lita p\u00e5 en av de legitima hackarna som erbjuder \u00e4kta hacker f\u00f6r <a href=\"https:\/\/allhackerforhire.com\/sv\/professionella-hackare-att-hyra\/\">uthyrningstj\u00e4nst<\/a> p\u00e5 att leverera den b\u00e4sta hacking-tj\u00e4nsten till din bel\u00e5tenhet.<\/p>\n<p>Tj\u00e4nster f\u00f6r telefonhackning<br \/>Hackare i sociala medier<br \/>Hackare f\u00f6r sociala medier att hyra<br \/>Anlita en hackare f\u00f6r mobiltelefon<br \/>Hackare p\u00e5 den m\u00f6rka webben att hyra<br \/>Etiska hackare f\u00f6r uthyrning<br \/>Anlita n\u00e5gon f\u00f6r att hacka en telefon<br \/>Professionella hackningstj\u00e4nster<\/p>\n<p>Anlita en hacker online<br \/>Professionella hackare f\u00f6r uthyrning<br \/>Anlita Facebook-hackare<br \/>Telefonhackare f\u00f6r uthyrning<br \/>Anlita en hacker billigt<br \/>Hyr en hacker<br \/>Anlita instagram hacker<br \/>Iphone hackare f\u00f6r uthyrning<\/p>\n<p>Datorhackare f\u00f6r uthyrning<br \/>Var kan jag anst\u00e4lla en hacker<br \/>Var kan man anst\u00e4lla en hacker<br \/>B\u00e4sta telefonhackare f\u00f6r uthyrning<br \/>Anlita en professionell telefonhackare<\/p>\n<p>\u00c4kta hackare f\u00f6r uthyrning<br \/>Jag beh\u00f6ver en hacker f\u00f6r att \u00e4ndra mina betyg<br \/>Anlita en hackare f\u00f6r att f\u00e5 ett l\u00f6senord<br \/>Anlita e-posthacker<br \/>Whatsapp hacking service<br \/>Anst\u00e4ll whatsapp hacker<\/p>\n<\/div>\n<\/div>\n<\/div>\n<\/div>\n<\/div>\n<p><img decoding=\"async\" data-src=\"https:\/\/hireonlinehackers.com\/wp-content\/uploads\/2023\/01\/5-star-300x158.jpg\" alt=\"Professionell hacker f\u00f6r uthyrningstj\u00e4nster\" width=\"36\" height=\"19\" src=\"data:image\/svg+xml;base64,PHN2ZyB3aWR0aD0iMSIgaGVpZ2h0PSIxIiB4bWxucz0iaHR0cDovL3d3dy53My5vcmcvMjAwMC9zdmciPjwvc3ZnPg==\" class=\"lazyload\" style=\"--smush-placeholder-width: 36px; --smush-placeholder-aspect-ratio: 36\/19;\" \/><\/p>\n<\/div>\n<\/div>\n<p><\/p>\t\t\t\t\t\t\t\t<\/div>\n\t\t\t\t<\/div>\n\t\t\t\t\t<\/div>\n\t\t<\/div>\n\t\t\t\t\t<\/div>\n\t\t<\/section>\n\t\t\t\t<section class=\"elementor-section elementor-top-section elementor-element elementor-element-da4e662 elementor-section-boxed elementor-section-height-default elementor-section-height-default default-style\" data-id=\"da4e662\" data-element_type=\"section\" data-settings=\"{&quot;rt_color_sets&quot;:&quot;default-style&quot;}\">\n\t\t\t\t\t\t<div class=\"elementor-container elementor-column-gap-default\">\n\t\t\t\t\t<div class=\"elementor-column elementor-col-50 elementor-top-column elementor-element elementor-element-db924fe\" data-id=\"db924fe\" data-element_type=\"column\">\n\t\t\t<div class=\"elementor-widget-wrap elementor-element-populated\">\n\t\t\t\t\t\t<div class=\"elementor-element elementor-element-0485719 elementor-widget elementor-widget-image\" data-id=\"0485719\" data-element_type=\"widget\" data-widget_type=\"image.default\">\n\t\t\t\t<div class=\"elementor-widget-container\">\n\t\t\t\t\t\t\t\t\t\t\t\t\t\t\t<img fetchpriority=\"high\" decoding=\"async\" width=\"768\" height=\"288\" src=\"https:\/\/allhackerforhire.com\/wp-content\/uploads\/2022\/11\/Buy-Registered-Documents.jpg\" class=\"attachment-large size-large wp-image-4545\" alt=\"Anst\u00e4ll Dark Web Hackers\" srcset=\"https:\/\/allhackerforhire.com\/wp-content\/uploads\/2022\/11\/Buy-Registered-Documents.jpg 768w, https:\/\/allhackerforhire.com\/wp-content\/uploads\/2022\/11\/Buy-Registered-Documents-300x113.jpg 300w, https:\/\/allhackerforhire.com\/wp-content\/uploads\/2022\/11\/Buy-Registered-Documents-600x225.jpg 600w\" sizes=\"(max-width: 768px) 100vw, 768px\" \/>\t\t\t\t\t\t\t\t\t\t\t\t\t\t\t<\/div>\n\t\t\t\t<\/div>\n\t\t\t\t\t<\/div>\n\t\t<\/div>\n\t\t\t\t<div class=\"elementor-column elementor-col-50 elementor-top-column elementor-element elementor-element-bff131d\" data-id=\"bff131d\" data-element_type=\"column\">\n\t\t\t<div class=\"elementor-widget-wrap elementor-element-populated\">\n\t\t\t\t\t\t<div class=\"elementor-element elementor-element-db6bcbe elementor-widget elementor-widget-heading\" data-id=\"db6bcbe\" data-element_type=\"widget\" data-widget_type=\"heading.default\">\n\t\t\t\t<div class=\"elementor-widget-container\">\n\t\t\t\t\t<h2 class=\"elementor-heading-title elementor-size-default\"><a data-category=\"text-result\" data-action=\"position\" data-label=\"1\/1\" href=\"https:\/\/onionlandsearchengine.net\/r?q=Phone+Hackers+For+Hire+Service&amp;l=eyJpdiI6IlJJUVhvWngwTnZ4dU1Fa24yU2hcL2hBPT0iLCJ2YWx1ZSI6InNYYVhsaG1ZQnV1VnVmZlBlY0h1SXdZT3Nmd1E4NHVCdE1hTmp0NjQ1VjZyTHRPTEFYbzJlU0dta3ZPWkF1T2FNWTZCOW45VG1aQTBuOTRyMm1INVpjSmMyc0N0XC9TOUF2K0xwUVZRK1ZwR0V3eHdzazlXa1hFTFcxQUVKVE90TFRSNk9PS2dkYlwvZitGazliOXd6TytRPT0iLCJtYWMiOiJlNjJjMWU4MDQ5MmM2ODRkMDlhODBmMGM3NWRhZGNhM2VkNTJjMTA2ZDJkYmZhMjVlZmEwNmYzNDMzNzYyMDZkIn0%253D&amp;p=1&amp;u=529556199\" rel=\"nofollow noopener\" target=\"_blank\">Anlita en telefonhackare<\/a><\/h2>\t\t\t\t<\/div>\n\t\t\t\t<\/div>\n\t\t\t\t\t<\/div>\n\t\t<\/div>\n\t\t\t\t\t<\/div>\n\t\t<\/section>\n\t\t\t\t<\/div>","protected":false},"excerpt":{"rendered":"<p>Telefonhackare f\u00f6r uthyrningstj\u00e4nst Telefonhackare f\u00f6r uthyrningstj\u00e4nst tillhandah\u00e5ller fullst\u00e4ndig telefon\u00f6vervakning s\u00e5 att du kan lyssna p\u00e5 telefonsamtal, se textmeddelanden och iMessage, Whatsapp-meddelanden, Instagram, Snapchat-meddelanden och alla andra meddelandetj\u00e4nster och sociala medier som anv\u00e4nds fr\u00e5n enheten. Telefonhackare f\u00f6r uthyrningstj\u00e4nst.  V\u00e5r telefonhackare f\u00f6r [...]<\/p>","protected":false},"author":1,"featured_media":4968,"parent":0,"menu_order":0,"comment_status":"closed","ping_status":"open","template":"","meta":{"_acf_changed":false,"footnotes":""},"class_list":["post-4967","page","type-page","status-publish","has-post-thumbnail","hentry"],"acf":[],"_links":{"self":[{"href":"https:\/\/allhackerforhire.com\/sv\/wp-json\/wp\/v2\/pages\/4967","targetHints":{"allow":["GET"]}}],"collection":[{"href":"https:\/\/allhackerforhire.com\/sv\/wp-json\/wp\/v2\/pages"}],"about":[{"href":"https:\/\/allhackerforhire.com\/sv\/wp-json\/wp\/v2\/types\/page"}],"author":[{"embeddable":true,"href":"https:\/\/allhackerforhire.com\/sv\/wp-json\/wp\/v2\/users\/1"}],"replies":[{"embeddable":true,"href":"https:\/\/allhackerforhire.com\/sv\/wp-json\/wp\/v2\/comments?post=4967"}],"version-history":[{"count":19,"href":"https:\/\/allhackerforhire.com\/sv\/wp-json\/wp\/v2\/pages\/4967\/revisions"}],"predecessor-version":[{"id":5150,"href":"https:\/\/allhackerforhire.com\/sv\/wp-json\/wp\/v2\/pages\/4967\/revisions\/5150"}],"wp:featuredmedia":[{"embeddable":true,"href":"https:\/\/allhackerforhire.com\/sv\/wp-json\/wp\/v2\/media\/4968"}],"wp:attachment":[{"href":"https:\/\/allhackerforhire.com\/sv\/wp-json\/wp\/v2\/media?parent=4967"}],"curies":[{"name":"wp","href":"https:\/\/api.w.org\/{rel}","templated":true}]}}