{"id":4991,"date":"2023-09-10T16:41:53","date_gmt":"2023-09-10T16:41:53","guid":{"rendered":"https:\/\/hireonlinehackers.com\/?page_id=4991"},"modified":"2024-07-02T22:53:36","modified_gmt":"2024-07-02T22:53:36","slug":"whatsapp-hacker-att-hyra","status":"publish","type":"page","link":"https:\/\/allhackerforhire.com\/sv\/whatsapp-hacker-att-hyra\/","title":{"rendered":"WhatsApp Hacker"},"content":{"rendered":"<div data-elementor-type=\"wp-page\" data-elementor-id=\"4991\" class=\"elementor elementor-4991\">\n\t\t\t\t\t\t<section class=\"elementor-section elementor-top-section elementor-element elementor-element-21ed0537 elementor-section-boxed elementor-section-height-default elementor-section-height-default default-style\" data-id=\"21ed0537\" data-element_type=\"section\" data-settings=\"{&quot;rt_color_sets&quot;:&quot;default-style&quot;}\">\n\t\t\t\t\t\t<div class=\"elementor-container elementor-column-gap-default\">\n\t\t\t\t\t<div class=\"elementor-column elementor-col-100 elementor-top-column elementor-element elementor-element-320524c5\" data-id=\"320524c5\" data-element_type=\"column\">\n\t\t\t<div class=\"elementor-widget-wrap elementor-element-populated\">\n\t\t\t\t\t\t<div class=\"elementor-element elementor-element-15f4f884 elementor-widget elementor-widget-text-editor\" data-id=\"15f4f884\" data-element_type=\"widget\" data-widget_type=\"text-editor.default\">\n\t\t\t\t<div class=\"elementor-widget-container\">\n\t\t\t\t\t\t\t\t\t<p><\/p>\n<h2 class=\"wp-block-heading\">WhatsApp Hacker f\u00f6r uthyrning<\/h2>\n<p><\/p>\n<div data-id=\"45a8c67\" data-element_type=\"widget\" data-widget_type=\"text-editor.default\">\n<div>\n<div data-id=\"68dc6d6\" data-element_type=\"widget\" data-widget_type=\"text-editor.default\">\n<div>\n<p>Whatsapp-hackare f\u00f6r uthyrningstj\u00e4nst finns till rimliga priser som en frist\u00e5ende WhatsApp-hackningstj\u00e4nst samt en del av en telefonhackningstj\u00e4nst som ocks\u00e5 ger tillg\u00e5ng till WhatsApp. V\u00e5ra priser \u00e4r en av de b\u00e4sta i branschen och du kan vara s\u00e4ker p\u00e5 100% konfidentialitet och sekretess f\u00f6r b\u00e5de din kommunikation med oss och WhatsApp-hackningstj\u00e4nsten som vi tillhandah\u00e5ller och vara s\u00e4ker p\u00e5 dess otrevlighet under alla omst\u00e4ndigheter.  WhatsApp Account Hacker f\u00f6r uthyrning.<\/p>\n<p>WhatsApp-hackare f\u00f6r uthyrningstj\u00e4nst kan tillhandah\u00e5llas inom 24 timmar om det \u00e4r br\u00e5dskande f\u00f6r dig som medf\u00f6r en liten till\u00e4ggsavgift som ing\u00e5r i priset. Om du \u00e4r villig att v\u00e4nta l\u00e4ngre kan du be om en rabatt som vi tillhandah\u00e5ller f\u00f6r icke-prioriterade WhatsApp-hackningstj\u00e4nstf\u00f6rfr\u00e5gningar. <span contenteditable=\"true\">Anst\u00e4ll Dark Web Hackers.<\/span><\/p>\n<h4>Hackning av whats app<\/h4>\n<p>WhatsApp \u00e4r en allm\u00e4nt anv\u00e4nd tj\u00e4nst, s\u00e4rskilt i Storbritannien och som ni kan f\u00f6rest\u00e4lla er kommer de flesta av v\u00e5ra WhatsApp-hackare f\u00f6r hyresf\u00f6rfr\u00e5gningar fr\u00e5n Storbritannien. Vi ger full tillg\u00e5ng till WhatsApp-konton inklusive meddelanden, bilder och videor b\u00e5de skickade och mottagna, och \u00e4ven inspelningar av r\u00f6st- och videosamtal.<br \/>Du \u00e4r v\u00e4lkommen att fylla i v\u00e5rt kontaktformul\u00e4r f\u00f6r mer information och f\u00f6r att beg\u00e4ra WhatsApp-hackningstj\u00e4nsten.<\/p>\n<div id=\"attachment_5000\" style=\"width: 310px\" class=\"wp-caption alignnone\"><img decoding=\"async\" aria-describedby=\"caption-attachment-5000\" data-src=\"https:\/\/hireonlinehackers.com\/wp-content\/uploads\/2023\/09\/WhatsApp-hacker-300x141.jpg\" alt=\"WhatsApp-hackare f\u00f6r uthyrning\" width=\"300\" height=\"141\" src=\"data:image\/svg+xml;base64,PHN2ZyB3aWR0aD0iMSIgaGVpZ2h0PSIxIiB4bWxucz0iaHR0cDovL3d3dy53My5vcmcvMjAwMC9zdmciPjwvc3ZnPg==\" class=\"lazyload\" style=\"--smush-placeholder-width: 300px; --smush-placeholder-aspect-ratio: 300\/141;\" \/><p id=\"caption-attachment-5000\" class=\"wp-caption-text\">WhatsApp-hackare f\u00f6r uthyrning<\/p><\/div>\n<h1>Anlita en hacker f\u00f6r WhatsApp<\/h1>\n<p>V\u00e5r byr\u00e5 tillhandah\u00e5ller alla typer av hackingtj\u00e4nster relaterade till WhatsApp med en successiv meritlista och recensioner.<\/p>\n<p>Alla onlinetj\u00e4nster kommer att tillhandah\u00e5llas till ett billigt pris och inom den angivna tidsfristen. Dessa specialiteter g\u00f6r oss till #1 i hackingv\u00e4rlden.<\/p>\n<p>S\u00e5 om du vill hyra en hacker - WhatsApp p\u00e5 hyra, s\u00e5 \u00e4r v\u00e5r byr\u00e5 b\u00e4st f\u00f6r dig.<\/p>\n<p>Kontrollera varf\u00f6r v\u00e5r vithattcertifierade byr\u00e5s online-hackingtj\u00e4nster \u00e4r b\u00e4ttre \u00e4n andra professionellt certifierade etiska hackare.<\/p>\n<h2>F\u00e5 WhatsApp Hacking-tj\u00e4nster i tid<\/h2>\n<p>N\u00e4r<br \/>V\u00e5r kund v\u00e4ljer en plan enligt krav. De vill ha vissa kvaliteter hos den kille eller byr\u00e5, som de ska hyra p\u00e5 hyra.<\/p>\n<p>Det kan vara ett billigt pris f\u00f6r vissa m\u00e4nniskor eftersom pengar spelar roll f\u00f6r vissa individer. Men alla vill att deras uppgift ska slutf\u00f6ras mycket snabbt och s\u00e5 snart som m\u00f6jligt.<\/p>\n<div>\n<div>\n<h3>Var kan man anst\u00e4lla en hacker f\u00f6r WhatsApp<\/h3>\n<\/div>\n<\/div>\n<p>M\u00e4nniskor anst\u00e4ller en hacker f\u00f6r WhatsApp eftersom de beh\u00f6ver alla detaljer f\u00f6r det.<br \/>De \u00e4r angel\u00e4gna om att hitta resultat s\u00e5 snabbt som ljusets hastighet.<\/p>\n<p>Ljushastighet \u00e4r inte m\u00f6jlig f\u00f6r n\u00e5gon men vi f\u00f6rs\u00e4krar dig att tillhandah\u00e5lla WhatsApp-hackningstj\u00e4nster i tid, vilket ges till dig.<\/p>\n<div id=\"attachment_5005\" style=\"width: 310px\" class=\"wp-caption alignnone\"><img fetchpriority=\"high\" decoding=\"async\" aria-describedby=\"caption-attachment-5005\" src=\"https:\/\/hireonlinehackers.com\/wp-content\/uploads\/2023\/09\/Social-Media-Accounts-Hack-300x200.jpg\" alt=\" Var kan man anst\u00e4lla en hacker f\u00f6r WhatsApp \" width=\"300\" height=\"200\" \/><p id=\"caption-attachment-5005\" class=\"wp-caption-text\"><br \/>Var kan man anst\u00e4lla en hacker f\u00f6r WhatsApp<\/p><\/div>\n<h2>Anst\u00e4ll en WhatsApp-hackare till billigt pris<\/h2>\n<p>N\u00e4r du g\u00e5r efter hackare med vit hatt f\u00f6r WhatsApp-hackningsrelaterade tj\u00e4nster,<br \/>kan de ta runt $500 eller kanske mer. Men v\u00e5r byr\u00e5 tror p\u00e5 l\u00e5ngsiktiga relationer.<\/p>\n<p>Det \u00e4r d\u00e4rf\u00f6r v\u00e5r byr\u00e5 erbjuder professionell WhatsApp med vit hatt <a title=\"hacker p\u00e5 hyra\" href=\"https:\/\/allhackerforhire.com\/sv\/\">hackare <\/a><a href=\"https:\/\/allhackerforhire.com\/sv\/anlita-en-hacker\/\" target=\"_blank\" rel=\"noopener\">p\u00e5 <\/a><a title=\"hacker p\u00e5 hyra\" href=\"https:\/\/allhackerforhire.com\/sv\/hackare-att-hyra\/\">hyra<\/a> till ett mycket billigt pris. Du kan ocks\u00e5 j\u00e4mf\u00f6ra priser fr\u00e5n andra resurser.<\/p>\n<h4>Det finns n\u00e5gra steg innan du v\u00e4ljer WhatsApp-hackningstj\u00e4nster.<\/h4>\n<ul>\n<li>Best\u00e4m f\u00f6rst vad du vill ha.<\/li>\n<li>Kontrollera sedan priserna genom att bes\u00f6ka <a href=\"https:\/\/hireonlinehackers.com\/hire-a-hacker\/\" target=\"_blank\" rel=\"noopener\">den <\/a><a href=\"https:\/\/allhackerforhire.com\/sv\/\">ris<\/a> sida.<\/li>\n<li>V\u00e4lj det paket som passar dig b\u00e4st.<\/li>\n<li>Skicka oss alla dina fr\u00e5gor i detalj.<\/li>\n<li>Skicka ett e-postmeddelande eller chatta med supporten.<\/li>\n<li>Om allt \u00e4r klart med supportteamet, k\u00f6r p\u00e5 det.<\/li>\n<\/ul>\n<div>\n<h4>Professionella hackare kontaktar<\/h4>\n<\/div>\n<div>\n<div>\n<p><span data-preserver-spaces=\"true\">Whatsapp \u00e4r en gratis meddelandeapp f\u00f6r smartphones som f\u00f6r n\u00e4rvarande \u00e4gs av Facebook. Det \u00e4r en av de st\u00f6rsta<br \/>sociala medieplattformar online. Den fr\u00e4msta anledningen till att WhatsApp \u00e4r s\u00e5<br \/>popul\u00e4ra beror p\u00e5 den internationella poolen av anv\u00e4ndare. Gr\u00e4nssnittet \u00e4r enkelt<br \/>att f\u00f6rst\u00e5, och anv\u00e4ndarna \u00e4r mer \u00e4n 2 miljarder. WhatsApp Account Hacker f\u00f6r uthyrning.<\/span><\/p>\n<h3>WhatsApp-kontohackare f\u00f6r uthyrning<\/h3>\n<p><span data-preserver-spaces=\"true\">Oavsett om det g\u00e4ller personligt bruk eller aff\u00e4rs\u00e4ndam\u00e5l k\u00e4nner anv\u00e4ndarna sig mer bekv\u00e4ma med att f\u00f6rmedla sin information via WhatsApp. Den end-to-end-krypterade meddelandet har gjort det mer popul\u00e4rt och \u00f6vertygat anv\u00e4ndarna att anv\u00e4nda det. \u00c4nd\u00e5 \u00e4r WhatsApp-hackningstrick m\u00f6jliga med tillr\u00e4cklig kunskap. De m\u00f6jliga hackingtricken g\u00f6r att du kan f\u00e5 tillg\u00e5ng till n\u00e5gons konto.  Var man kan anst\u00e4lla en hacker f\u00f6r WhatsApp.<br \/><\/span><\/p>\n<h4><span data-preserver-spaces=\"true\">Vi kommer att diskutera hur man hackar<\/span><\/h4>\n<p><span data-preserver-spaces=\"true\">Whatsapp-konton genom etisk hacking i resten av artikeln. Etisk hacking \u00e4r ett s\u00e4kert tillv\u00e4gag\u00e5ngss\u00e4tt d\u00e4r du l\u00e4r k\u00e4nna systemets brister f\u00f6r att \u00f6ka s\u00e4kerheten. Vi kommer ocks\u00e5 att diskutera hur man anst\u00e4ller en hacker f\u00f6r WhatsApp online f\u00f6r att spionera p\u00e5 n\u00e5gon. Om du \u00e4r en bekymrad f\u00f6r\u00e4lder som vill \u00f6vervaka sina barn eller en chef som vill kontrollera de anst\u00e4llda, \u00e4r det viktigt att k\u00e4nna till Whatsapp-fusk tricks. <\/span>Professionella hackare kontaktar.<\/p>\n<h2><strong><span data-preserver-spaces=\"true\">Hur man synkroniserar enhet med en webbl\u00e4sare via QR-kod som en WhatsApp Hacking Tricks.<\/span><\/strong><\/h2>\n<p><span data-preserver-spaces=\"true\">Metoden \u00e4r ganska enkel, och allt du beh\u00f6ver \u00e4r att f\u00e5 den riktade anv\u00e4ndarens mobil. N\u00e4r du v\u00e4l har offrets mobil \u00e4r du redo att g\u00e5. Vi m\u00e5ste anv\u00e4nda \u2018WhatsApp Web-tj\u00e4nsten till v\u00e5r f\u00f6rdel. Om du vill anv\u00e4nda dig av tj\u00e4nsten, g\u00e5 sedan till \u201c<\/span><a href=\"https:\/\/web.whatsapp.com\" target=\"_blank\" rel=\"noopener\"><span data-preserver-spaces=\"true\">https:\/\/web.whatsapp.com<\/span><\/a><span data-preserver-spaces=\"true\">\u201d p\u00e5 din dator. Om du vill anv\u00e4nda en mobil enhet m\u00e5ste du installera en<br \/>app som heter \u2018Whatsapp Web. Nu \u00e4r huvudprocessen som f\u00f6ljer-<\/span><\/p>\n<ol>\n<li><span data-preserver-spaces=\"true\">\u00d6ppna den modell som du vill anv\u00e4nda f\u00f6r att komma \u00e5t meddelandena - du kan anv\u00e4nda en dator eller en mobil enhet.<\/span><\/li>\n<li><span data-preserver-spaces=\"true\">F\u00f6r att komma \u00e5t den fr\u00e5n datorn \u00f6ppnar du webbl\u00e4saren genom att skriva \u201c<\/span><a href=\"https:\/\/web.whatsapp.com\" target=\"_blank\" rel=\"noopener\"><span data-preserver-spaces=\"true\">https:\/\/web.whatsapp.com<\/span><\/a><span data-preserver-spaces=\"true\">.\u201d<br \/>Du kommer att bli ombedd att skanna den angivna QR-koden p\u00e5 webbplatsen. Efter skanningen<br \/>\u00e4r slutf\u00f6rd fr\u00e5n offrets mobil, kryssa i alternativet \u2018H\u00e5ll mig inloggad<br \/>in.\u201d<\/span><\/li>\n<li><span data-preserver-spaces=\"true\">F\u00f6r mobila anv\u00e4ndare, \u00f6ppna WhatsApp Web app.<\/span><\/li>\n<li><span data-preserver-spaces=\"true\">Skanna QR-koden fr\u00e5n mobilappen p\u00e5 offrets enhet enligt f\u00f6ljande - WhatsApp Menu-&gt;WhatsApp Web.<\/span><\/li>\n<\/ol>\n<p><span data-preserver-spaces=\"true\">Nu, n\u00e4r du har loggat in, kommer du att ha tillg\u00e5ng till alla meddelanden och filer. Den raderade konversationen eller texten kommer dock inte att visas i anv\u00e4ndarens gr\u00e4nssnitt. Den viktigaste anm\u00e4rkningen med denna metod \u00e4r att ha den riktade anv\u00e4ndarens mobila enhet. Metoden kommer inte att lyckas om offrets mobila enhet inte \u00e4r n\u00e4rvarande med dig.<\/span><\/p>\n<h2><strong><span data-preserver-spaces=\"true\">Hur man hackar WhatsApp-konversationer med WSP 3.0<\/span><\/strong><\/h2>\n<p><span data-preserver-spaces=\"true\">I den h\u00e4r metoden kommer du att se alla chattar och konversationer fr\u00e5n den riktade anv\u00e4ndaren. Du m\u00e5ste anv\u00e4nda<br \/>WhatsApp Scan Pro (WSP). Du kan ladda ner APK-filen, som \u00e4r tillg\u00e4nglig online. WSP fungerar som skadlig kod. Den inneh\u00e5ller ett virus som bifogas tillsammans med det foto du ska skicka till den utvalda anv\u00e4ndaren.<\/span><\/p>\n<p><span data-preserver-spaces=\"true\">Offret hamnar i en f\u00e4lla om han eller hon klickar p\u00e5 det foto som har skickats. S\u00e5 det \u00e4r n\u00f6dv\u00e4ndigt att skicka ett foto som fascinerar offret att klicka p\u00e5 det. N\u00e4r offret \u00f6ppnar fotot kommer viruset automatiskt att k\u00f6ras in i enheten.<\/span><\/p>\n<h4><span data-preserver-spaces=\"true\">Frilansande hackare f\u00f6r uthyrning<br \/><\/span><\/h4>\n<p><span data-preserver-spaces=\"true\">\u00a0WSP hj\u00e4lper till att blockera bakd\u00f6rrsaktiviteterna i ramverket och ansluta till hackaren. N\u00e4r hackern f\u00e5r \u00e5tkomst skannas QR-koderna fr\u00e5n den riktade mobila messengern.<\/span><\/p>\n<p><span data-preserver-spaces=\"true\">Koden \u00e4ndras var 10:e sekund. Hackaren kan dock \u00f6vervaka processen kontinuerligt. Hackaren<br \/>f\u00e5r tillg\u00e5ng till offrets session direkt n\u00e4r anslutningen \u00e4r uppr\u00e4ttad.<br \/>etablerade.\u00a0<\/span><\/p>\n<p><span data-preserver-spaces=\"true\">Det \u00e4r viktigt att komma ih\u00e5g att internetanslutningen m\u00e5ste vara stabil och snabb.<\/span><\/p>\n<h4><strong><span data-preserver-spaces=\"true\">Hur man hackar WhatsApp genom att exportera chatthistorik\u00a0\u00a0<\/span><\/strong><\/h4>\n<p><span data-preserver-spaces=\"true\">Detta \u00e4r det snabbaste s\u00e4ttet att hacka<br \/>WhatsApp f\u00f6r den riktade anv\u00e4ndaren. Detta WhatsApp-hackningstrick f\u00f6r WhatsApp \u00e4r ganska likt den f\u00f6rsta metoden som n\u00e4mns i artikeln. Processen \u00e4r som f\u00f6ljer-<\/span><\/p>\n<ol>\n<li><span data-preserver-spaces=\"true\">Ta offrets mobila enhet och \u00f6ppna WhatsApp-applikationen.<\/span><\/li>\n<li><span data-preserver-spaces=\"true\">Klicka p\u00e5 ikonen Meny. Ikonen \u00e4r tre vertikala prickar p\u00e5 ovansidan av appens gr\u00e4nssnitt.<\/span><\/li>\n<li><span data-preserver-spaces=\"true\">Klicka nu p\u00e5 Inst\u00e4llningar -&gt; Chattar -&gt; Chatthistorik -&gt; Exportera chatt ( med eller utan mediehistorik, som du vill )<\/span><\/li>\n<li><span data-preserver-spaces=\"true\">\u00d6ppna Gmail och skriv in den e-postadress som du vill skicka.\u00a0<\/span><\/li>\n<li><span data-preserver-spaces=\"true\">Klicka p\u00e5 Exportera\u00a0<\/span><\/li>\n<\/ol>\n<p><span data-preserver-spaces=\"true\">Filen (textformat), inklusive mediefilen (om s\u00e5dan valts), kommer att laddas upp i mailet. Tryck p\u00e5 \u2018Skicka\u2019 f\u00f6r att slutf\u00f6ra uppgiften. Du kan h\u00e4mta filen nu eller senare fr\u00e5n mailet.\u00a0<\/span><\/p>\n<p>Vet mer tricks om - Anlita en etisk hacker f\u00f6r att hacka ett WhatsApp-konto.<\/p>\n<h5><strong><span data-preserver-spaces=\"true\">Hur man anst\u00e4ller hackare f\u00f6r att hacka WhatsApp-konto\u00a0<\/span><\/strong><\/h5>\n<p><span data-preserver-spaces=\"true\">Det rekommenderas inte att anst\u00e4lla en hacker f\u00f6r att hacka n\u00e5gons WhatsApp-konto. Den fr\u00e4msta anledningen \u00e4r att m\u00e5nga<br \/>g\u00e5nger kan det vara en bluff. M\u00e5nga m\u00e4nniskor har klagat p\u00e5 att de inte f\u00e5r sin tj\u00e4nst trots att de debiterades hela beloppet. Att v\u00e4lja det h\u00e4r alternativet kan vara en genv\u00e4g f\u00f6r dig eftersom du inte beh\u00f6ver involvera dig i hackningsprocessen. Men riskerna \u00e4r ocks\u00e5 h\u00f6ga.<\/span><\/p>\n<p><span data-preserver-spaces=\"true\">Vissa av webbplatserna kommer att ta ut ett stort belopp om det inte finns n\u00e5gon garanti f\u00f6r att inte bli lurad. Ta<br \/>tj\u00e4nsten med tanke p\u00e5 alla m\u00f6jliga risker. Men den legitima hackningen<br \/>webbplatser kan g\u00f6ra jobbet \u00e5t dig utan bedr\u00e4geri.<\/span><\/p>\n<p><span data-preserver-spaces=\"true\">\u00a0Om du \u00e4r \u00f6vertygad om att du vill forts\u00e4tta att anlita en hacker, f\u00f6lj den h\u00e4r l\u00e4nken och kontakta: <\/span><a href=\"https:\/\/allhackerforhire.com\/sv\/\" target=\"_blank\" rel=\"noopener\">Allhackerforhire.com<\/a><span data-preserver-spaces=\"true\"> H\u00e4r f\u00e5r du den \u00f6nskade tj\u00e4nsten som utlovad \u00e4ven om betalningen inte kommer att bli billig.\u00a0<\/span><\/p>\n<h4><span data-preserver-spaces=\"true\">Dessa \u00e4r f\u00f6ljande WhatsApp<\/span><\/h4>\n<p><span data-preserver-spaces=\"true\">Hacking-trick som du kan prova sj\u00e4lv. Det \u00e4r b\u00e4st att inte anv\u00e4nda metoderna f\u00f6r n\u00e5gon olaglig aktivitet. Anv\u00e4nd snarare denna information som en f\u00f6rsiktighets\u00e5tg\u00e4rd som du kan genomf\u00f6ra f\u00f6r att \u00f6ka s\u00e4kerheten f\u00f6r ditt konto. Men om du \u00e4r misst\u00e4nksam mot n\u00e5gon du k\u00e4nner som kan vara inblandad i felaktigheter. Anv\u00e4nd sedan dessa metoder f\u00f6r att spionera p\u00e5 dem och sp\u00e5ra deras aktiviteter.<\/span><\/p>\n<\/div>\n<\/div>\n<\/div>\n<\/div>\n<h3>Whatsapp Hack Online<\/h3>\n<p>Letar du efter att hacka din v\u00e4n eller flickv\u00e4ns WhatsApp-meddelanden, ljud och videor online? Om ja, d\u00e5 \u00e4r du p\u00e5 r\u00e4tt plats Du kan hacka alla sl\u00e4ktingar eller v\u00e4nners WhatsApp-meddelanden h\u00e4r och huvuddelen av detta \u00e4r att du kan g\u00f6ra det gratis. S\u00e5 nu kommer vi att se hur vi kan hacka WhatsApp online och hur kan vi prank v\u00e5ra v\u00e4nner och sl\u00e4ktingar genom att visa sina egna meddelanden till dem. Observera att detta \u00e4r ett premiumverktyg men tillg\u00e4ngligt gratis p\u00e5 v\u00e5r webbplats s\u00e5 att du kan njuta av v\u00e5r gratis tj\u00e4nst. Freelance hackare f\u00f6r uthyrning.<\/p>\n<h4>Steg Hur kan vi hacka WhatsApp online?<\/h4>\n<p>Det finns 3 alternativ h\u00f6gst upp p\u00e5 v\u00e5r webbplats som \u00e4r obligatoriska att fylla i.<\/p>\n<p>\u00a0\u00a0\u00a0 I den f\u00f6rsta kolumnen anger du det telefonnummer du vill hacka offrets telefonnummer (med landskod.)<br \/>\u00a0\u00a0\u00a0 I den andra kolumnen v\u00e4ljer du vad du vill hacka Det finns 4 alternativ tillg\u00e4ngliga meddelanden, ljud, videor och all data du kan v\u00e4lja valfritt 1 alternativ fr\u00e5n dessa fyra. WhatsApp Account Hacker f\u00f6r uthyrning.<\/p>\n<h4><span tabindex=\"0\" role=\"textbox\" contenteditable=\"true\" data-placeholder=\"Example: Rank Math SEO\" aria-placeholder=\"Example: Rank Math SEO\" aria-autocomplete=\"both\" aria-multiline=\"false\">Anst\u00e4ll WhatsApp Hacker Online<\/span><\/h4>\n<p>\u00a0\u00a0\u00a0 I den tredje kolumnen v\u00e4ljer du var du vill se hackad data Det finns tv\u00e5 alternativ tillg\u00e4ngliga deras online eller nedladdade som en zip f\u00f6r att visa offline. Du kan v\u00e4lja valfritt alternativ fr\u00e5n den h\u00e4r kolumnen.<\/p>\n<p>\u00a0\u00a0\u00a0 N\u00e4r du har fyllt i all information klickar du p\u00e5 knappen Hacka nu och n\u00e4sta framsteg kommer att g\u00f6ras av v\u00e5rt system. Det kommer att generera hashkoder och kontrollera WhatsApp-databasen och sedan kommer det att visa dig det hackade resultatet.<br \/>\u00a0\u00a0\u00a0 Det sista steget \u00e4r att ladda ner eller se hackade filer i det h\u00e4r steget hackar du f\u00f6r att bevisa att du \u00e4r en m\u00e4nniska, inte en robot, bara bevisa det genom att fylla i ett enkelt erbjudande. WhatsApp Account Hacker f\u00f6r uthyrning.<\/p>\n<h4><a href=\"http:\/\/google.com\" target=\"_blank\" rel=\"noopener\">Anlita n\u00e5gon f\u00f6r att hacka sig in p\u00e5 ett WhatsApp-konto<\/a><\/h4>\n<p>Wow nu har du tillg\u00e5ng till dina hackade data Du kan se meddelanden, ljud och videor online eller offline utan kostnad. En till sn\u00e4lla hj\u00e4lp v\u00e5r webbplats genom att dela p\u00e5 Facebook Google Plus och andra sociala mediasidor. Obs - Du kan bara hacka ett nummer fr\u00e5n en IP. Du kan se hackat bevis i bilden nedan. NJUT AV!!! WhatsApp Account Hacker f\u00f6r uthyrning.<\/p>\n<p><img decoding=\"async\" data-src=\"https:\/\/hireonlinehackers.com\/wp-content\/uploads\/2023\/01\/5-star-300x158.jpg\" alt=\"Professionell hacker f\u00f6r uthyrningstj\u00e4nster\" width=\"36\" height=\"19\" src=\"data:image\/svg+xml;base64,PHN2ZyB3aWR0aD0iMSIgaGVpZ2h0PSIxIiB4bWxucz0iaHR0cDovL3d3dy53My5vcmcvMjAwMC9zdmciPjwvc3ZnPg==\" class=\"lazyload\" style=\"--smush-placeholder-width: 36px; --smush-placeholder-aspect-ratio: 36\/19;\" \/><\/p>\n<\/div>\n<\/div>\n<p><\/p>\t\t\t\t\t\t\t\t<\/div>\n\t\t\t\t<\/div>\n\t\t\t\t\t<\/div>\n\t\t<\/div>\n\t\t\t\t\t<\/div>\n\t\t<\/section>\n\t\t\t\t<section class=\"elementor-section elementor-top-section elementor-element elementor-element-da4e662 elementor-section-boxed elementor-section-height-default elementor-section-height-default default-style\" data-id=\"da4e662\" data-element_type=\"section\" data-settings=\"{&quot;rt_color_sets&quot;:&quot;default-style&quot;}\">\n\t\t\t\t\t\t<div class=\"elementor-container elementor-column-gap-default\">\n\t\t\t\t\t<div class=\"elementor-column elementor-col-50 elementor-top-column elementor-element elementor-element-db924fe\" data-id=\"db924fe\" data-element_type=\"column\">\n\t\t\t<div class=\"elementor-widget-wrap elementor-element-populated\">\n\t\t\t\t\t\t<div class=\"elementor-element elementor-element-0485719 elementor-widget elementor-widget-image\" data-id=\"0485719\" data-element_type=\"widget\" data-widget_type=\"image.default\">\n\t\t\t\t<div class=\"elementor-widget-container\">\n\t\t\t\t\t\t\t\t\t\t\t\t\t\t\t<img decoding=\"async\" width=\"768\" height=\"288\" data-src=\"https:\/\/allhackerforhire.com\/wp-content\/uploads\/2022\/11\/Buy-Registered-Documents.jpg\" class=\"attachment-large size-large wp-image-4545 lazyload\" alt=\"Anst\u00e4ll Dark Web Hackers\" data-srcset=\"https:\/\/allhackerforhire.com\/wp-content\/uploads\/2022\/11\/Buy-Registered-Documents.jpg 768w, https:\/\/allhackerforhire.com\/wp-content\/uploads\/2022\/11\/Buy-Registered-Documents-300x113.jpg 300w, https:\/\/allhackerforhire.com\/wp-content\/uploads\/2022\/11\/Buy-Registered-Documents-600x225.jpg 600w\" data-sizes=\"(max-width: 768px) 100vw, 768px\" src=\"data:image\/svg+xml;base64,PHN2ZyB3aWR0aD0iMSIgaGVpZ2h0PSIxIiB4bWxucz0iaHR0cDovL3d3dy53My5vcmcvMjAwMC9zdmciPjwvc3ZnPg==\" style=\"--smush-placeholder-width: 768px; --smush-placeholder-aspect-ratio: 768\/288;\" \/>\t\t\t\t\t\t\t\t\t\t\t\t\t\t\t<\/div>\n\t\t\t\t<\/div>\n\t\t\t\t\t<\/div>\n\t\t<\/div>\n\t\t\t\t<div class=\"elementor-column elementor-col-50 elementor-top-column elementor-element elementor-element-bff131d\" data-id=\"bff131d\" data-element_type=\"column\">\n\t\t\t<div class=\"elementor-widget-wrap elementor-element-populated\">\n\t\t\t\t\t\t<div class=\"elementor-element elementor-element-db6bcbe elementor-widget elementor-widget-heading\" data-id=\"db6bcbe\" data-element_type=\"widget\" data-widget_type=\"heading.default\">\n\t\t\t\t<div class=\"elementor-widget-container\">\n\t\t\t\t\t<h2 class=\"elementor-heading-title elementor-size-default\"><span class=\"tagify__tag-text\">Anst\u00e4ll Dark Web Hackers<\/span><\/h2>\t\t\t\t<\/div>\n\t\t\t\t<\/div>\n\t\t\t\t\t<\/div>\n\t\t<\/div>\n\t\t\t\t\t<\/div>\n\t\t<\/section>\n\t\t\t\t<\/div>","protected":false},"excerpt":{"rendered":"<p>WhatsApp Hacker For Hire Whatsapp-hackare f\u00f6r uthyrningstj\u00e4nst finns till rimliga priser som en frist\u00e5ende WhatsApp-hackningstj\u00e4nst samt en del av en telefonhackningstj\u00e4nst som ocks\u00e5 ger tillg\u00e5ng till WhatsApp. V\u00e5ra priser \u00e4r en av de b\u00e4sta i branschen och du kan vara s\u00e4ker p\u00e5 100% konfidentialitet [...]].<\/p>","protected":false},"author":1,"featured_media":4986,"parent":0,"menu_order":0,"comment_status":"closed","ping_status":"open","template":"","meta":{"_acf_changed":false,"footnotes":""},"class_list":["post-4991","page","type-page","status-publish","has-post-thumbnail","hentry"],"acf":[],"_links":{"self":[{"href":"https:\/\/allhackerforhire.com\/sv\/wp-json\/wp\/v2\/pages\/4991","targetHints":{"allow":["GET"]}}],"collection":[{"href":"https:\/\/allhackerforhire.com\/sv\/wp-json\/wp\/v2\/pages"}],"about":[{"href":"https:\/\/allhackerforhire.com\/sv\/wp-json\/wp\/v2\/types\/page"}],"author":[{"embeddable":true,"href":"https:\/\/allhackerforhire.com\/sv\/wp-json\/wp\/v2\/users\/1"}],"replies":[{"embeddable":true,"href":"https:\/\/allhackerforhire.com\/sv\/wp-json\/wp\/v2\/comments?post=4991"}],"version-history":[{"count":16,"href":"https:\/\/allhackerforhire.com\/sv\/wp-json\/wp\/v2\/pages\/4991\/revisions"}],"predecessor-version":[{"id":5175,"href":"https:\/\/allhackerforhire.com\/sv\/wp-json\/wp\/v2\/pages\/4991\/revisions\/5175"}],"wp:featuredmedia":[{"embeddable":true,"href":"https:\/\/allhackerforhire.com\/sv\/wp-json\/wp\/v2\/media\/4986"}],"wp:attachment":[{"href":"https:\/\/allhackerforhire.com\/sv\/wp-json\/wp\/v2\/media?parent=4991"}],"curies":[{"name":"wp","href":"https:\/\/api.w.org\/{rel}","templated":true}]}}