{"id":5026,"date":"2023-09-14T09:39:25","date_gmt":"2023-09-14T09:39:25","guid":{"rendered":"https:\/\/hireonlinehackers.com\/?page_id=5026"},"modified":"2024-07-02T22:12:02","modified_gmt":"2024-07-02T22:12:02","slug":"instagram-hackare-att-hyra","status":"publish","type":"page","link":"https:\/\/allhackerforhire.com\/sv\/instagram-hackare-att-hyra\/","title":{"rendered":"Instagram-hackare"},"content":{"rendered":"<div data-elementor-type=\"wp-page\" data-elementor-id=\"5026\" class=\"elementor elementor-5026\">\n\t\t\t\t\t\t<section class=\"elementor-section elementor-top-section elementor-element elementor-element-21ed0537 elementor-section-boxed elementor-section-height-default elementor-section-height-default default-style\" data-id=\"21ed0537\" data-element_type=\"section\" data-settings=\"{&quot;rt_color_sets&quot;:&quot;default-style&quot;}\">\n\t\t\t\t\t\t<div class=\"elementor-container elementor-column-gap-default\">\n\t\t\t\t\t<div class=\"elementor-column elementor-col-100 elementor-top-column elementor-element elementor-element-320524c5\" data-id=\"320524c5\" data-element_type=\"column\">\n\t\t\t<div class=\"elementor-widget-wrap elementor-element-populated\">\n\t\t\t\t\t\t<div class=\"elementor-element elementor-element-15f4f884 elementor-widget elementor-widget-text-editor\" data-id=\"15f4f884\" data-element_type=\"widget\" data-widget_type=\"text-editor.default\">\n\t\t\t\t<div class=\"elementor-widget-container\">\n\t\t\t\t\t\t\t\t\t<p><\/p>\n<h2 class=\"wp-block-heading\">Instagram Hacker f\u00f6r uthyrning<\/h2>\n<p><\/p>\n<div data-id=\"45a8c67\" data-element_type=\"widget\" data-widget_type=\"text-editor.default\">\n<div>\n<div data-id=\"68dc6d6\" data-element_type=\"widget\" data-widget_type=\"text-editor.default\">\n<div>\n<div>\n<div>\n<div>\n<p>V\u00e5r professionella hacker-tj\u00e4nst \u00e4r specialiserad p\u00e5 Instagram-konto hacking, vilket ger dig m\u00f6jlighet att komma \u00e5t alla online-konton och \u00f6vervaka olika plattformar som WhatsApp, Facebook, Discord, Snapchat och mer. Med v\u00e5rt mjukvaruverktyg, tillg\u00e4ngligt f\u00f6r PC, iPhone och Android, kan du f\u00e5 tillg\u00e5ng till funktioner som live GPS-plats, kamera- och mikrofon\u00f6vervakning, meddelanden, e-postmeddelanden, samtal, webbl\u00e4sarhistorik, sk\u00e4rminspelning och \u00e5terst\u00e4llning av raderade meddelanden, filer och media.&nbsp;<\/p><p>Om du befinner dig i den olyckliga situationen med ett f\u00f6rlorat eller hackat Instagram-konto \u00e4r v\u00e5rt team av riktiga professionella hackare h\u00e4r f\u00f6r att hj\u00e4lpa dig att \u00e5terst\u00e4lla det snabbt och enkelt. Tveka inte att anst\u00e4lla en professionell Instagram-hackare och \u00e5terf\u00e5 kontrollen \u00f6ver ditt konto. Instagram Account Hacker f\u00f6r uthyrning.<br><\/p>\n<h3>Anst\u00e4ll en hackerservice f\u00f6r Instagram Hack<\/h3>\n<\/div>\n<\/div>\n<p>Om du har f\u00f6rlorat \u00e5tkomsten till ditt Instagram-konto eller vill f\u00e5 tillg\u00e5ng till ett Instagram-konto av andra sk\u00e4l \u00e4r det h\u00e4r tj\u00e4nsten du beh\u00f6ver. Vi skickar inte n\u00e5gra l\u00e4nkar eller meddelanden till \u00e4garen och den h\u00e4r tj\u00e4nsten \u00e4r helt diskret och anonym. V\u00e5ra kunders s\u00e4kerhet \u00e4r mycket viktig f\u00f6r oss och vi har det i \u00e5tanke n\u00e4r vi g\u00f6r alla jobb. Hyr professionella Instagram-hackare online billigt. Instagram Account Hacker f\u00f6r uthyrning.<br><\/p>\n<p><img decoding=\"async\" data-src=\"https:\/\/hireonlinehackers.com\/wp-content\/uploads\/2023\/09\/Instagram-Hacker-for-Hire-300x168.jpg\" alt=\"Instagram Hacker f\u00f6r uthyrning\" width=\"230\" height=\"128\" src=\"data:image\/svg+xml;base64,PHN2ZyB3aWR0aD0iMSIgaGVpZ2h0PSIxIiB4bWxucz0iaHR0cDovL3d3dy53My5vcmcvMjAwMC9zdmciPjwvc3ZnPg==\" class=\"lazyload\" style=\"--smush-placeholder-width: 230px; --smush-placeholder-aspect-ratio: 230\/128;\"><\/p>\n<h3><span contenteditable=\"true\">Anlita en hacker f\u00f6r Instagram<\/span><\/h3>\n<\/div>\n<\/div>\n<\/div>\n<\/div>\n<\/div>\n<p>Vi tillhandah\u00e5ller en enkel process f\u00f6r hur man anlitar en <a href=\"https:\/\/allhackerforhire.com\/sv\/\">hacker f\u00f6r Instagram<\/a>, speciellt utformad f\u00f6r att hj\u00e4lpa dig att f\u00e5nga en otrogen make eller otrogen. V\u00e5ra tj\u00e4nster erbjuder prisv\u00e4rda alternativ f\u00f6r att anst\u00e4lla en Instagram-hackare. Med en rad hackningstj\u00e4nster tillg\u00e4ngliga, inklusive Instagram-kontohackning, datorhackning och f\u00f6rbikoppling av s\u00e4kerhets\u00e5tg\u00e4rder, \u00e4r vi det p\u00e5litliga valet f\u00f6r att anst\u00e4lla Instagram-hackare. Oavsett om du har tappat \u00e5tkomst till ditt eget Instagram-konto eller beh\u00f6ver tillg\u00e5ng till n\u00e5gon annans konto av legitima sk\u00e4l, kan v\u00e5r diskreta och anonyma tj\u00e4nst uppfylla dina behov.<\/p>\n<h3>Betala n\u00e5gon f\u00f6r att hacka Instagram<\/h3>\n<p>V\u00e5rt team av skickliga hackare specialiserar sig p\u00e5 Instagram-hackning och kan hj\u00e4lpa dig att h\u00e4mta viktig information eller l\u00f6sa eventuella kontorelaterade problem. Vi uppr\u00e4tth\u00e5ller den h\u00f6gsta niv\u00e5n av sekretess och ser till att din personliga information f\u00f6rblir s\u00e4ker under hela processen. L\u00e5t inte dina misstankar eller bekymmer g\u00e5 obesvarade - anlita en Instagram-hackare idag och f\u00e5 de svar du beh\u00f6ver<a href=\"https:\/\/duckduckgo.com\/\" target=\"_blank\" rel=\"noopener\">.<\/a> Vi prioriterar kundn\u00f6jdhet och garanterar snabba resultat.<\/p>\n<h3>Anlita professionella Instagram-hackare<\/h3>\n<p><\/p>\n<p>V\u00e5ra experthackare har m\u00e5nga \u00e5rs erfarenhet inom omr\u00e5det och \u00e4r utrustade med de senaste verktygen och teknikerna f\u00f6r att s\u00e4kerst\u00e4lla framg\u00e5ngsrik Instagram-hackning. Var s\u00e4ker p\u00e5 att v\u00e5ra tj\u00e4nster \u00e4r helt lagliga och etiska och f\u00f6ljer strikta etiska standarder. Tveka inte l\u00e4ngre - ta kontroll \u00f6ver ditt Instagram-konto eller f\u00e5 tillg\u00e5ng till den information du beh\u00f6ver genom att anst\u00e4lla v\u00e5ra betrodda Instagram-hackare nu. Instagram Account Hacker f\u00f6r uthyrning.<br><\/p>\n<p>Vid den tidpunkt d\u00e5 du anlitar en Instagram-programmerare fr\u00e5n oss f\u00e5r du tilltr\u00e4de till den mest idealiska programmeraren i branschen. Vi har en grupp djupt beg\u00e5vade och erfarna teknokonstn\u00e4rer som kan hj\u00e4lpa dig med alla hackningsbehov du kan ha.<\/p>\n<h3>Betala f\u00f6r att hacka Instagram-konto<\/h3>\n<p>V\u00e5r administration f\u00f6rser m\u00e4nniskor med kapacitet att anlita en Instagram-programmerare. Genom att anst\u00e4lla en programmerare genom v\u00e5r administration kan kunder komma till posten f\u00f6r alla singularer de v\u00e4ljer, oavsett om de har inloggningsuppgifterna eller inte.<\/p>\n<h4>Instagram-konto hacker f\u00f6r uthyrning<\/h4>\n<p>Detta g\u00f6r det m\u00f6jligt f\u00f6r kunder att \u00e5terst\u00e4lla raderade fotografier och \u00e4ndra l\u00f6senord, och himlen \u00e4r gr\u00e4nsen d\u00e4rifr\u00e5n. Vi anv\u00e4nder komplext vetenskapligt spr\u00e5k f\u00f6r att garantera att v\u00e5ra programmerare verkligen \u00e4r otroliga. Vi investerar helhj\u00e4rtat i v\u00e5rt arbete och m\u00e5ste se till att v\u00e5ra kunder i allm\u00e4nhet \u00e4r n\u00f6jda med resultaten. Betala f\u00f6r att hacka Instagram-konto.<\/p>\n<h4>Varf\u00f6r v\u00e4lja oss f\u00f6r en Instagram Hacker f\u00f6r uthyrning?<\/h4>\n<p>Det finns n\u00e5gra anledningar till varf\u00f6r hyra Instagram-hackare fr\u00e5n oss. Det kanske viktigaste sk\u00e4let \u00e4r att vi har en stor pool av kvalificerade och erfarna hackare som kan hj\u00e4lpa till med en m\u00e4ngd olika hackningsbehov. Dessutom erbjuder vi konkurrenskraftiga priser, 24\/7 kundsupport och en 100%-n\u00f6jdhetsgaranti.<\/p>\n<div data-id=\"45a8c67\" data-element_type=\"widget\" data-widget_type=\"text-editor.default\">\n<div>\n<p><img decoding=\"async\" data-src=\"https:\/\/hireonlinehackers.com\/wp-content\/uploads\/2023\/01\/5-star-300x158.jpg\" alt=\"Professionell hacker f\u00f6r uthyrningstj\u00e4nster\" width=\"36\" height=\"19\" src=\"data:image\/svg+xml;base64,PHN2ZyB3aWR0aD0iMSIgaGVpZ2h0PSIxIiB4bWxucz0iaHR0cDovL3d3dy53My5vcmcvMjAwMC9zdmciPjwvc3ZnPg==\" class=\"lazyload\" style=\"--smush-placeholder-width: 36px; --smush-placeholder-aspect-ratio: 36\/19;\"><\/p>\n<\/div>\n<\/div>\n<p><\/p>\t\t\t\t\t\t\t\t<\/div>\n\t\t\t\t<\/div>\n\t\t\t\t\t<\/div>\n\t\t<\/div>\n\t\t\t\t\t<\/div>\n\t\t<\/section>\n\t\t\t\t<section class=\"elementor-section elementor-top-section elementor-element elementor-element-da4e662 elementor-section-boxed elementor-section-height-default elementor-section-height-default default-style\" data-id=\"da4e662\" data-element_type=\"section\" data-settings=\"{&quot;rt_color_sets&quot;:&quot;default-style&quot;}\">\n\t\t\t\t\t\t<div class=\"elementor-container elementor-column-gap-default\">\n\t\t\t\t\t<div class=\"elementor-column elementor-col-50 elementor-top-column elementor-element elementor-element-db924fe\" data-id=\"db924fe\" data-element_type=\"column\">\n\t\t\t<div class=\"elementor-widget-wrap elementor-element-populated\">\n\t\t\t\t\t\t<div class=\"elementor-element elementor-element-0485719 elementor-widget elementor-widget-image\" data-id=\"0485719\" data-element_type=\"widget\" data-widget_type=\"image.default\">\n\t\t\t\t<div class=\"elementor-widget-container\">\n\t\t\t\t\t\t\t\t\t\t\t\t\t\t\t<img fetchpriority=\"high\" decoding=\"async\" width=\"768\" height=\"288\" src=\"https:\/\/allhackerforhire.com\/wp-content\/uploads\/2022\/11\/Buy-Registered-Documents.jpg\" class=\"attachment-large size-large wp-image-4545\" alt=\"Anst\u00e4ll Dark Web Hackers\" srcset=\"https:\/\/allhackerforhire.com\/wp-content\/uploads\/2022\/11\/Buy-Registered-Documents.jpg 768w, https:\/\/allhackerforhire.com\/wp-content\/uploads\/2022\/11\/Buy-Registered-Documents-300x113.jpg 300w, https:\/\/allhackerforhire.com\/wp-content\/uploads\/2022\/11\/Buy-Registered-Documents-600x225.jpg 600w\" sizes=\"(max-width: 768px) 100vw, 768px\" \/>\t\t\t\t\t\t\t\t\t\t\t\t\t\t\t<\/div>\n\t\t\t\t<\/div>\n\t\t\t\t\t<\/div>\n\t\t<\/div>\n\t\t\t\t<div class=\"elementor-column elementor-col-50 elementor-top-column elementor-element elementor-element-bff131d\" data-id=\"bff131d\" data-element_type=\"column\">\n\t\t\t<div class=\"elementor-widget-wrap elementor-element-populated\">\n\t\t\t\t\t\t<div class=\"elementor-element elementor-element-db6bcbe elementor-widget elementor-widget-heading\" data-id=\"db6bcbe\" data-element_type=\"widget\" data-widget_type=\"heading.default\">\n\t\t\t\t<div class=\"elementor-widget-container\">\n\t\t\t\t\t<h2 class=\"elementor-heading-title elementor-size-default\">Instagram Hackers 15 minuter<\/h2>\t\t\t\t<\/div>\n\t\t\t\t<\/div>\n\t\t\t\t\t<\/div>\n\t\t<\/div>\n\t\t\t\t\t<\/div>\n\t\t<\/section>\n\t\t\t\t<\/div>","protected":false},"excerpt":{"rendered":"<p>Instagram Hacker for Hire V\u00e5r professionella hackerservice \u00e4r specialiserad p\u00e5 Instagram-konto hacking, vilket ger dig m\u00f6jlighet att komma \u00e5t alla onlinekonton och \u00f6vervaka olika plattformar som WhatsApp, Facebook, Discord, Snapchat och mer. Med v\u00e5rt programvaruverktyg, tillg\u00e4ngligt f\u00f6r PC, iPhone och Android, kan du f\u00e5 tillg\u00e5ng till funktioner som live GPS-plats, [...]].<\/p>","protected":false},"author":1,"featured_media":5029,"parent":0,"menu_order":0,"comment_status":"closed","ping_status":"open","template":"","meta":{"_acf_changed":false,"footnotes":""},"class_list":["post-5026","page","type-page","status-publish","has-post-thumbnail","hentry"],"acf":[],"_links":{"self":[{"href":"https:\/\/allhackerforhire.com\/sv\/wp-json\/wp\/v2\/pages\/5026","targetHints":{"allow":["GET"]}}],"collection":[{"href":"https:\/\/allhackerforhire.com\/sv\/wp-json\/wp\/v2\/pages"}],"about":[{"href":"https:\/\/allhackerforhire.com\/sv\/wp-json\/wp\/v2\/types\/page"}],"author":[{"embeddable":true,"href":"https:\/\/allhackerforhire.com\/sv\/wp-json\/wp\/v2\/users\/1"}],"replies":[{"embeddable":true,"href":"https:\/\/allhackerforhire.com\/sv\/wp-json\/wp\/v2\/comments?post=5026"}],"version-history":[{"count":13,"href":"https:\/\/allhackerforhire.com\/sv\/wp-json\/wp\/v2\/pages\/5026\/revisions"}],"predecessor-version":[{"id":5132,"href":"https:\/\/allhackerforhire.com\/sv\/wp-json\/wp\/v2\/pages\/5026\/revisions\/5132"}],"wp:featuredmedia":[{"embeddable":true,"href":"https:\/\/allhackerforhire.com\/sv\/wp-json\/wp\/v2\/media\/5029"}],"wp:attachment":[{"href":"https:\/\/allhackerforhire.com\/sv\/wp-json\/wp\/v2\/media?parent=5026"}],"curies":[{"name":"wp","href":"https:\/\/api.w.org\/{rel}","templated":true}]}}