{"id":5037,"date":"2023-09-14T10:28:12","date_gmt":"2023-09-14T10:28:12","guid":{"rendered":"https:\/\/hireonlinehackers.com\/?page_id=5037"},"modified":"2024-07-02T22:44:09","modified_gmt":"2024-07-02T22:44:09","slug":"snapchat-hackare-att-hyra","status":"publish","type":"page","link":"https:\/\/allhackerforhire.com\/sv\/snapchat-hackare-att-hyra\/","title":{"rendered":"Snapchat Hacker"},"content":{"rendered":"<div data-elementor-type=\"wp-page\" data-elementor-id=\"5037\" class=\"elementor elementor-5037\">\n\t\t\t\t\t\t<section class=\"elementor-section elementor-top-section elementor-element elementor-element-21ed0537 elementor-section-boxed elementor-section-height-default elementor-section-height-default default-style\" data-id=\"21ed0537\" data-element_type=\"section\" data-settings=\"{&quot;rt_color_sets&quot;:&quot;default-style&quot;}\">\n\t\t\t\t\t\t<div class=\"elementor-container elementor-column-gap-default\">\n\t\t\t\t\t<div class=\"elementor-column elementor-col-100 elementor-top-column elementor-element elementor-element-320524c5\" data-id=\"320524c5\" data-element_type=\"column\">\n\t\t\t<div class=\"elementor-widget-wrap elementor-element-populated\">\n\t\t\t\t\t\t<div class=\"elementor-element elementor-element-15f4f884 elementor-widget elementor-widget-text-editor\" data-id=\"15f4f884\" data-element_type=\"widget\" data-widget_type=\"text-editor.default\">\n\t\t\t\t<div class=\"elementor-widget-container\">\n\t\t\t\t\t\t\t\t\t<p><\/p>\n<h2 class=\"wp-block-heading\"><span contenteditable=\"true\">Snapchat-hackare f\u00f6r uthyrning<\/span><\/h2>\n<div>\n<p>Vi erbjuder en professionell Snapchat-hackningstj\u00e4nst som l\u00e5ter dig anst\u00e4lla en hacker f\u00f6r Snapchat. V\u00e5rt erfarna team kan hj\u00e4lpa dig att \u00e5terst\u00e4lla ett f\u00f6rlorat eller hackat Snapchat-konto. Betala n\u00e5gon f\u00f6r att hacka Snapchat och \u00e5terf\u00e5 \u00e5tkomst till ditt konto med v\u00e5r p\u00e5litliga och s\u00e4kra tj\u00e4nst. Vi \u00e4r professionella <a href=\"https:\/\/allhackerforhire.com\/sv\/\">Snapchat Hackare<\/a> f\u00f6r uthyrning, vilket ger experthj\u00e4lp f\u00f6r alla dina Snapchat-hackningsbehov. Snapchat Account Hacker f\u00f6r uthyrning.<br><\/p>\n<h3><span contenteditable=\"true\">Professionella Snapchat-hackare f\u00f6r uthyrning<\/span><\/h3>\n<p>Vi f\u00f6rst\u00e5r hur br\u00e5dskande och k\u00e4nsligt det \u00e4r med Snapchat-kontos\u00e4kerhet. Med v\u00e5ra specialiserade f\u00e4rdigheter och kunskaper s\u00e4kerst\u00e4ller vi en snabb och effektiv l\u00f6sning p\u00e5 alla Snapchat-relaterade problem du kan st\u00e4llas inf\u00f6r. Lita p\u00e5 att v\u00e5rt team av professionella hackare h\u00e4mtar tillbaka ditt hackade eller f\u00f6rlorade Snapchat-konto effektivt och diskret. V\u00e5r s\u00e4kra och p\u00e5litliga tj\u00e4nst garanterar din integritet och konfidentialitet under hela processen. \u00c5terf\u00e5 kontrollen \u00f6ver ditt Snapchat-konto idag genom att anst\u00e4lla v\u00e5ra erfarna Snapchat-hackningsexperter.<\/p>\n<\/div>\n<p><\/p>\n<div data-id=\"45a8c67\" data-element_type=\"widget\" data-widget_type=\"text-editor.default\">\n<div>\n<div data-id=\"68dc6d6\" data-element_type=\"widget\" data-widget_type=\"text-editor.default\">\n<div>\n<div>\n<div>\n<div>\n<div data-id=\"68dc6d6\" data-element_type=\"widget\" data-widget_type=\"text-editor.default\">\n<div>\n<p>Snapchat-hackningstj\u00e4nsten \u00e4r mest anv\u00e4ndbar n\u00e4r du f\u00f6rs\u00f6ker ta reda p\u00e5 om en otrogen make \/ partner f\u00f6r att se till att du inte blir lurad. Snapchat hacker f\u00f6r uthyrningstj\u00e4nst \u00e4r helt diskret och ingen kommer n\u00e5gonsin att f\u00e5 reda p\u00e5 att du har tillg\u00e5ng till Snapchat-kontot. Vi tillhandah\u00e5ller den h\u00e4r tj\u00e4nsten som en frist\u00e5ende Snapchat-hack-tj\u00e4nst och \u00e4ven som ett paket inom telefonhackningstj\u00e4nsten<a href=\"https:\/\/duckduckgo.com\/\" target=\"_blank\" rel=\"noopener\">.<\/a><\/p>\n<h2>Snapchat hacking tj\u00e4nst<\/h2>\n<p>Det finns m\u00e5nga s\u00e4tt som en hacker kan hacka ett Snapchat-konto p\u00e5 s\u00e5 det \u00e4r viktigt att anv\u00e4nda alla s\u00e4kerhetsalternativ inklusive tv\u00e5stegsautentisering. Om ditt Snapchat-konto efter alla s\u00e4kerhets\u00e5tg\u00e4rder fortfarande hackas av en hacker \u00e4r vi h\u00e4r f\u00f6r att hj\u00e4lpa till p\u00e5 alla m\u00f6jliga s\u00e4tt. Snapchat Account Hacker f\u00f6r uthyrning.<\/p>\n<h4>Anlita professionella hackare f\u00f6r sociala medier<\/h4>\n<p>Det finns m\u00e5nga sk\u00e4l till varf\u00f6r ett f\u00f6retag kan v\u00e4lja att anlita en hacker f\u00f6r sociala medier. Kanske vill f\u00f6retaget \u00f6ka sitt antal f\u00f6ljare p\u00e5 sociala medier, eller s\u00e5 beh\u00f6ver det hj\u00e4lp med att f\u00e5 mer engagemang f\u00f6r sina inl\u00e4gg. I vilket fall som helst kan det vara ett bra s\u00e4tt att \u00f6ka sin n\u00e4rvaro p\u00e5 n\u00e4tet att anlita en hacker f\u00f6r sociala medier.<\/p>\n<p>N\u00e4r du anlitar en hacker f\u00f6r sociala medier \u00e4r det viktigt att se till. att du v\u00e4ljer n\u00e5gon erfaren och kunnig inom detta omr\u00e5de.<\/p>\n<div id=\"attachment_5041\" style=\"width: 310px\" class=\"wp-caption alignnone\"><img fetchpriority=\"high\" decoding=\"async\" aria-describedby=\"caption-attachment-5041\" src=\"https:\/\/hireonlinehackers.com\/wp-content\/uploads\/2023\/09\/Professional-Snapchat-Hackers-for-Hire-300x169.jpg\" alt=\"Professionella Snapchat-hackare f\u00f6r uthyrning\" width=\"300\" height=\"169\"><p id=\"caption-attachment-5041\" class=\"wp-caption-text\">Professionella Snapchat-hackare f\u00f6r uthyrning<\/p><\/div>\n<h4>Hacker f\u00f6r sociala mediekonton f\u00f6r uthyrning<\/h4>\n<p>Vissa f\u00f6retag anlitar hackare f\u00f6r att attackera konkurrenternas konton p\u00e5 sociala medier f\u00f6r att f\u00e5 en f\u00f6rdel. De kan g\u00f6ra detta genom att anv\u00e4nda komplex akademisk jargong som deras konkurrenter kanske inte f\u00f6rst\u00e5r. vilket g\u00f6r det sv\u00e5rt f\u00f6r dem att svara. Dessutom kan hackaren publicera falska nyheter eller recensioner som kan skada konkurrentens rykte.<\/p>\n<p>\u00c4r du intresserad av att anlita en hacker f\u00f6r n\u00e5gon form av s\u00e4ker professionell hackingtj\u00e4nst? D\u00e5 \u00e4r du p\u00e5 r\u00e4tt plats. Vi f\u00f6rser dig med de b\u00e4sta hackingtj\u00e4nsterna till \u00f6verkomliga priser enligt kundens krav.<\/p>\n<h4>Varf\u00f6r du tar service av kontohackare f\u00f6r sociala medier fr\u00e5n oss<\/h4>\n<p>V\u00e5rt f\u00f6retag har ett team av professionella och erfarna yrkesverksamma som kan hj\u00e4lpa dig att hacka alla webbaserade mediekonton. Vi har en demonstrerad historia av prestationer. Och vi \u00e4r stolta \u00f6ver att ha f\u00f6rm\u00e5gan att hj\u00e4lpa dig att komma med de resultat du vill ha. Vi f\u00f6rst\u00e5r att din integritet \u00e4r h\u00f6gsta prioritet och kommer aldrig att f\u00f6rmedla dina uppgifter till n\u00e5gon annan person. Snapchat Account Hacker f\u00f6r uthyrning.<br><\/p>\n<h4><span contenteditable=\"true\">Anlita en hacker f\u00f6r Snapchat<\/span><\/h4>\n<div>\n<h5>V\u00e5r expertis f\u00f6r professionella sociala medier-hackare<\/h5>\n<p>Vi \u00e4r en certifierad grupp av beg\u00e5vade hackare som har \u00e5tagit sig att underl\u00e4tta ditt sinne och f\u00f6rb\u00e4ttra din dators s\u00e4kerhet. I linje med detta, om du f\u00f6rs\u00f6ker anv\u00e4nda moraliska cyberartister, kan vi hj\u00e4lpa dig med din oro. N\u00e4r du letar efter, kolla in Vad jag beh\u00f6ver f\u00f6r att anst\u00e4lla en etisk hacker.<\/p>\n<p>Vi har ett annorlunda s\u00e4tt att hantera administration j\u00e4mf\u00f6rt med andra f\u00f6retag.<\/p>\n<h3>Snapchat-konto hacker f\u00f6r uthyrning<\/h3>\n<p>V\u00e5rt f\u00f6retag har ett team av professionella och erfarna experter som kan hj\u00e4lpa dig att hacka alla sociala mediekonton. Vi har en bepr\u00f6vad meritlista \u00f6ver prestationer. Och vi v\u00e4rdes\u00e4tter oss sj\u00e4lva f\u00f6r att ha f\u00f6rm\u00e5gan att hj\u00e4lpa dig att f\u00e5 de resultat du beh\u00f6ver. Vi f\u00f6rst\u00e5r att din integritet \u00e4r den st\u00f6rsta oroen och kommer aldrig att dela din personliga information med n\u00e5gon annan. Snapchat Account Hacker f\u00f6r uthyrning.<br><\/p>\n<\/div>\n<div>&nbsp;<\/div>\n<\/div>\n<\/div>\n<\/div>\n<\/div>\n<\/div>\n<\/div>\n<\/div>\n<p><img decoding=\"async\" data-src=\"https:\/\/hireonlinehackers.com\/wp-content\/uploads\/2023\/01\/5-star-300x158.jpg\" alt=\"Professionell hacker f\u00f6r uthyrningstj\u00e4nster\" width=\"36\" height=\"19\" src=\"data:image\/svg+xml;base64,PHN2ZyB3aWR0aD0iMSIgaGVpZ2h0PSIxIiB4bWxucz0iaHR0cDovL3d3dy53My5vcmcvMjAwMC9zdmciPjwvc3ZnPg==\" class=\"lazyload\" style=\"--smush-placeholder-width: 36px; --smush-placeholder-aspect-ratio: 36\/19;\"><\/p>\n<\/div>\n<\/div>\n<p><\/p>\t\t\t\t\t\t\t\t<\/div>\n\t\t\t\t<\/div>\n\t\t\t\t\t<\/div>\n\t\t<\/div>\n\t\t\t\t\t<\/div>\n\t\t<\/section>\n\t\t\t\t<section class=\"elementor-section elementor-top-section elementor-element elementor-element-da4e662 elementor-section-boxed elementor-section-height-default elementor-section-height-default default-style\" data-id=\"da4e662\" data-element_type=\"section\" data-settings=\"{&quot;rt_color_sets&quot;:&quot;default-style&quot;}\">\n\t\t\t\t\t\t<div class=\"elementor-container elementor-column-gap-default\">\n\t\t\t\t\t<div class=\"elementor-column elementor-col-50 elementor-top-column elementor-element elementor-element-db924fe\" data-id=\"db924fe\" data-element_type=\"column\">\n\t\t\t<div class=\"elementor-widget-wrap elementor-element-populated\">\n\t\t\t\t\t\t<div class=\"elementor-element elementor-element-0485719 elementor-widget elementor-widget-image\" data-id=\"0485719\" data-element_type=\"widget\" data-widget_type=\"image.default\">\n\t\t\t\t<div class=\"elementor-widget-container\">\n\t\t\t\t\t\t\t\t\t\t\t\t\t\t\t<img decoding=\"async\" width=\"768\" height=\"288\" data-src=\"https:\/\/allhackerforhire.com\/wp-content\/uploads\/2022\/11\/Buy-Registered-Documents.jpg\" class=\"attachment-large size-large wp-image-4545 lazyload\" alt=\"Anst\u00e4ll Dark Web Hackers\" data-srcset=\"https:\/\/allhackerforhire.com\/wp-content\/uploads\/2022\/11\/Buy-Registered-Documents.jpg 768w, https:\/\/allhackerforhire.com\/wp-content\/uploads\/2022\/11\/Buy-Registered-Documents-300x113.jpg 300w, https:\/\/allhackerforhire.com\/wp-content\/uploads\/2022\/11\/Buy-Registered-Documents-600x225.jpg 600w\" data-sizes=\"(max-width: 768px) 100vw, 768px\" src=\"data:image\/svg+xml;base64,PHN2ZyB3aWR0aD0iMSIgaGVpZ2h0PSIxIiB4bWxucz0iaHR0cDovL3d3dy53My5vcmcvMjAwMC9zdmciPjwvc3ZnPg==\" style=\"--smush-placeholder-width: 768px; --smush-placeholder-aspect-ratio: 768\/288;\" \/>\t\t\t\t\t\t\t\t\t\t\t\t\t\t\t<\/div>\n\t\t\t\t<\/div>\n\t\t\t\t\t<\/div>\n\t\t<\/div>\n\t\t\t\t<div class=\"elementor-column elementor-col-50 elementor-top-column elementor-element elementor-element-bff131d\" data-id=\"bff131d\" data-element_type=\"column\">\n\t\t\t<div class=\"elementor-widget-wrap elementor-element-populated\">\n\t\t\t\t\t\t<div class=\"elementor-element elementor-element-db6bcbe elementor-widget elementor-widget-heading\" data-id=\"db6bcbe\" data-element_type=\"widget\" data-widget_type=\"heading.default\">\n\t\t\t\t<div class=\"elementor-widget-container\">\n\t\t\t\t\t<h2 class=\"elementor-heading-title elementor-size-default\">Betala n\u00e5gon f\u00f6r att hacka Snapchat<\/h2>\t\t\t\t<\/div>\n\t\t\t\t<\/div>\n\t\t\t\t\t<\/div>\n\t\t<\/div>\n\t\t\t\t\t<\/div>\n\t\t<\/section>\n\t\t\t\t<\/div>","protected":false},"excerpt":{"rendered":"<p>Snapchat Hacker f\u00f6r uthyrning Vi erbjuder en professionell Snapchat-hackningstj\u00e4nst som l\u00e5ter dig hyra en hacker f\u00f6r Snapchat. V\u00e5rt erfarna team kan hj\u00e4lpa dig att \u00e5terst\u00e4lla ett f\u00f6rlorat eller hackat Snapchat-konto. Betala n\u00e5gon f\u00f6r att hacka Snapchat och \u00e5terf\u00e5 \u00e5tkomst till ditt konto med v\u00e5r p\u00e5litliga och s\u00e4kra tj\u00e4nst. Vi \u00e4r professionella Snapchat [...]<\/p>","protected":false},"author":1,"featured_media":5038,"parent":0,"menu_order":0,"comment_status":"closed","ping_status":"open","template":"","meta":{"_acf_changed":false,"footnotes":""},"class_list":["post-5037","page","type-page","status-publish","has-post-thumbnail","hentry"],"acf":[],"_links":{"self":[{"href":"https:\/\/allhackerforhire.com\/sv\/wp-json\/wp\/v2\/pages\/5037","targetHints":{"allow":["GET"]}}],"collection":[{"href":"https:\/\/allhackerforhire.com\/sv\/wp-json\/wp\/v2\/pages"}],"about":[{"href":"https:\/\/allhackerforhire.com\/sv\/wp-json\/wp\/v2\/types\/page"}],"author":[{"embeddable":true,"href":"https:\/\/allhackerforhire.com\/sv\/wp-json\/wp\/v2\/users\/1"}],"replies":[{"embeddable":true,"href":"https:\/\/allhackerforhire.com\/sv\/wp-json\/wp\/v2\/comments?post=5037"}],"version-history":[{"count":13,"href":"https:\/\/allhackerforhire.com\/sv\/wp-json\/wp\/v2\/pages\/5037\/revisions"}],"predecessor-version":[{"id":5168,"href":"https:\/\/allhackerforhire.com\/sv\/wp-json\/wp\/v2\/pages\/5037\/revisions\/5168"}],"wp:featuredmedia":[{"embeddable":true,"href":"https:\/\/allhackerforhire.com\/sv\/wp-json\/wp\/v2\/media\/5038"}],"wp:attachment":[{"href":"https:\/\/allhackerforhire.com\/sv\/wp-json\/wp\/v2\/media?parent=5037"}],"curies":[{"name":"wp","href":"https:\/\/api.w.org\/{rel}","templated":true}]}}